{"id":18,"date":"2020-10-05T19:33:54","date_gmt":"2020-10-05T17:33:54","guid":{"rendered":"http:\/\/javiervanvelthoven.com\/fr\/?page_id=18"},"modified":"2024-09-13T11:51:50","modified_gmt":"2024-09-13T09:51:50","slug":"discographie","status":"publish","type":"page","link":"https:\/\/javiervanvelthoven.com\/fr\/index.php\/discographie\/","title":{"rendered":"Discographie"},"content":{"rendered":"\n<div class=\"wp-block-columns is-layout-flex wp-container-core-columns-is-layout-1 wp-block-columns-is-layout-flex\">\n<div class=\"wp-block-column is-layout-flow wp-block-column-is-layout-flow\">\n<figure class=\"wp-block-image size-large\"><img loading=\"lazy\" decoding=\"async\" width=\"851\" height=\"1024\" src=\"https:\/\/javiervanvelthoven.com\/fr\/wp-content\/uploads\/2021\/06\/Foto-vihuela-Javier-6-851x1024.jpg\" alt=\"\" class=\"wp-image-62\" srcset=\"https:\/\/javiervanvelthoven.com\/fr\/wp-content\/uploads\/2021\/06\/Foto-vihuela-Javier-6-851x1024.jpg 851w, https:\/\/javiervanvelthoven.com\/fr\/wp-content\/uploads\/2021\/06\/Foto-vihuela-Javier-6-249x300.jpg 249w, https:\/\/javiervanvelthoven.com\/fr\/wp-content\/uploads\/2021\/06\/Foto-vihuela-Javier-6-768x924.jpg 768w, https:\/\/javiervanvelthoven.com\/fr\/wp-content\/uploads\/2021\/06\/Foto-vihuela-Javier-6-1277x1536.jpg 1277w, https:\/\/javiervanvelthoven.com\/fr\/wp-content\/uploads\/2021\/06\/Foto-vihuela-Javier-6.jpg 1301w\" sizes=\"(max-width: 767px) 89vw, (max-width: 1000px) 54vw, (max-width: 1071px) 543px, 580px\" \/><\/figure>\n<\/div>\n\n\n\n<div class=\"wp-block-column is-layout-flow wp-block-column-is-layout-flow\">\n<p><strong><em>En tant que soliste:<\/em><\/strong><\/p>\n\n\n\n<p><strong><em>2024<\/em><\/strong><\/p>\n\n\n\n<p><strong>&#8211; Lascia Ch&rsquo;io Pianga<\/strong> (\u00c9dition num\u00e9rique -Single) 18\/10\/2024<\/p>\n\n\n\n<p><strong>&#8211; Sur<\/strong> (\u00c9dition num\u00e9rique &#8211; Single) 04\/10\/2024<\/p>\n\n\n\n<p><strong>&#8211; Vals venezolano No. 2 (Andre\u00edna)<\/strong> (\u00c9dition num\u00e9rique &#8211; Single) 20\/09\/2024<\/p>\n\n\n\n<p><strong>&#8211; Unchained Melody<\/strong> (Edition num\u00e9rique &#8211; Single) 06\/10\/2024<\/p>\n\n\n\n<p><strong>&#8211; Can&rsquo;t Help Falling in Love <\/strong>(Edition num\u00e9rique &#8211; Single) 26\/07\/2024<\/p>\n\n\n\n<p><strong>&#8211; Maria, Mar\u00ec<\/strong> (Edition num\u00e9rique &#8211; Single) 28\/06\/2024<\/p>\n\n\n\n<p><strong><em>2023<\/em><\/strong><\/p>\n\n\n\n<p><strong>&#8211; Silent Night<\/strong> (Edition num\u00e9rique &#8211; Single) 08\/12\/2023<\/p>\n\n\n\n<p><strong>&#8211; Menuet, Op. 276, No. 19<\/strong> (Edition num\u00e9rique &#8211; Single) 07\/04\/2023<\/p>\n\n\n\n<p><strong>&#8211; Six Divertissements, Op. 2: N0. 3,<\/strong> <strong>Andantino<\/strong> (Edition num\u00e9rique &#8211; Single) 24\/03\/2023<\/p>\n\n\n\n<p><strong>&#8211; Balada para Mart\u00edn Fierro<\/strong> (Edition num\u00e9rique &#8211; Single) 10\/03\/2023<\/p>\n\n\n\n<p><strong>&#8211; Sons de Carrilh\u00f5es<\/strong> (Edition num\u00e9rique &#8211; Single) 24\/02\/2023<\/p>\n\n\n\n<p><strong>&#8211; Santa Luc\u00eda<\/strong> (Edition num\u00e9rique &#8211; Single) 10\/02\/2023<\/p>\n\n\n\n<p><strong>&#8211; Isabel<\/strong> (Edition num\u00e9rique &#8211; Single) 13\/01\/2023<\/p>\n\n\n\n<p><strong><em>2022<\/em><\/strong><\/p>\n\n\n\n<p><strong>&#8211; Fenesta Che Lucive<\/strong> (Edition num\u00e9rique &#8211; Single) 30\/12\/2022<\/p>\n\n\n\n<p>&#8211; <strong>Mazurka \u00ab\u00a0Sue\u00f1o\u00a0\u00bb<\/strong> (Edition num\u00e9rique &#8211; Single) 16\/12\/2022<\/p>\n\n\n\n<p>&#8211;<strong> Natalia<\/strong> (Edition num\u00e9rique &#8211; Single) 02\/12\/2022<\/p>\n\n\n\n<p><strong>&#8211; Coimbra<\/strong> (Edition num\u00e9rique &#8211; Single) 17\/11\/2022<\/p>\n\n\n\n<p><strong>&#8211; Pavana<\/strong> (Edition num\u00e9rique &#8211; Single) 03\/11\/2022<\/p>\n\n\n\n<p><strong>&#8211; My Way<\/strong> (Edition num\u00e9rique &#8211; Single) 20\/06\/2022<\/p>\n\n\n\n<p><strong>&#8211; Tears in Heaven<\/strong> (Edition num\u00e9rique &#8211; Single) 06\/10\/2022<\/p>\n\n\n\n<p><strong>&#8211; Quiz\u00e1s, Quiz\u00e1s, Quiz\u00e1s<\/strong> (Edition num\u00e9rique &#8211; Single) 22\/09\/2022<\/p>\n\n\n\n<p><strong>&#8211; Mazurka en Sol<\/strong> (Edition num\u00e9rique &#8211; Single) 08\/09\/2022<\/p>\n\n\n\n<p>&#8211; <strong>La Partida<\/strong> (Edition num\u00e9rique &#8211; Single) 26\/08\/2022<\/p>\n\n\n\n<p><strong>&#8211; Torna a Surriento<\/strong> (Edition num\u00e9rique &#8211; Single) 12\/08\/2022<\/p>\n\n\n\n<p><strong>&#8211; Jo\u00e3o de Barro<\/strong> (Edition num\u00e9rique &#8211; Single) 29\/07\/2022<\/p>\n\n\n\n<p><strong>&#8211; Prelude BWV 999<\/strong> (Edition num\u00e9rique &#8211; Single) 15\/07\/2022<\/p>\n\n\n\n<p><strong>&#8211; Mi Favorita<\/strong> (Edition num\u00e9rique &#8211; Single) 01\/07\/2022<\/p>\n\n\n\n<p><strong>&#8211; B\u00e9same Mucho<\/strong> (Edition num\u00e9rique &#8211; Single) 17\/06\/2022<\/p>\n\n\n\n<p>&#8211;<strong> Sue\u00f1o, Op. 1, Nro. 1<\/strong> (Edition num\u00e9rique &#8211; Single) 20\/05\/2022<\/p>\n\n\n\n<p><strong>&#8211; Un D\u00eda de Noviembre<\/strong> (Edition num\u00e9rique &#8211; Single) 06\/05\/2022<\/p>\n\n\n\n<p><strong>&#8211; Lisboa Antigua<\/strong> (Edition num\u00e9rique &#8211; Single) 22\/04\/2022<\/p>\n\n\n\n<p><strong>&#8211; F\u00fcr Elise<\/strong> (Edition num\u00e9rique &#8211; Single) 07\/04\/2022<\/p>\n\n\n\n<p><strong>&#8211; Carmen<\/strong> (Edition num\u00e9rique &#8211; Single) 17\/02\/2022<\/p>\n\n\n\n<p><strong>&#8211; Spanish Guitar Dreams<\/strong> (Edition num\u00e9rique &#8211; Single) 03\/02\/2022<\/p>\n\n\n\n<p><strong>&#8211; Calm Guitar <\/strong>(Edition num\u00e9rique &#8211; Single) 20\/01\/2022<\/p>\n\n\n\n<p><strong><em>2021<\/em><\/strong><\/p>\n\n\n\n<p><strong>&#8211; Preludio americano n\u00ba 5<\/strong> (Tamboriles) (Edition num\u00e9rique &#8211; Single) 09\/12\/2021<\/p>\n\n\n\n<p><strong>&#8211; Mar\u00eda (Tango)<\/strong> (Edition num\u00e9rique &#8211; Single) 18\/11\/2021<\/p>\n\n\n\n<p>&#8211;<strong> I Have a Dream<\/strong> (Edition num\u00e9rique &#8211; Single) 04\/11\/2021<\/p>\n\n\n\n<p>&#8211; <strong>Adelita<\/strong> (Edition num\u00e9rique &#8211; Single) 21\/10\/2021<\/p>\n\n\n\n<p>&#8211;<strong> Estudio en Si menor, Op. 35 N\u00ba 22 \u00ab\u00a0La Gota de Agua\u00a0\u00bb<\/strong> (Edition num\u00e9rique &#8211; Single) 07\/10\/2021<\/p>\n\n\n\n<p>&#8211; <strong>L\u00e1grima<\/strong> (Edition num\u00e9rique &#8211; Single) 23\/09\/2021<\/p>\n\n\n\n<p>&#8211;  <strong>Schwanengesang, D. 957: IV. St\u00e4ndchen \u00ab\u00a0Serenade\u00a0\u00bb<\/strong> (Edition num\u00e9rique &#8211; Single) 02\/09\/2021<\/p>\n\n\n\n<p>&#8211; <strong>Theme from Love Story<\/strong> (Edition num\u00e9rique &#8211; Single) 23\/08\/2021<\/p>\n\n\n\n<p>&#8211; <strong>Les Moulins de Mon<\/strong> <strong><strong>C\u0153ur<\/strong><\/strong> (Edition num\u00e9rique &#8211; Single) 12\/08\/2021<\/p>\n\n\n\n<p>&#8211; <strong>Les Parapluies de Cherbourg<\/strong> (Edition num\u00e9rique &#8211; Single) 02\/08\/2021 <\/p>\n\n\n\n<p>&#8211; <strong>La Paloma<\/strong> (\u00c9dition num\u00e9rique &#8211; Single) 22\/07\/2021<\/p>\n\n\n\n<p>&#8211;&nbsp;<strong>\u2018O sole mio<\/strong>&nbsp;(\u00c9dition num\u00e9rique \u2013 Single) \u2013 08\/07\/2021<\/p>\n\n\n\n<p>\u2013 <strong>Ma\u00f1ana de carnaval<\/strong> (\u00c9dition num\u00e9rique \u2013 Single) \u2013 18\/06\/2021<\/p>\n\n\n\n<p><strong><em>2015<\/em><\/strong><\/p>\n\n\n\n<p>\u2013 <strong>Vihuela and Guitar Recital<\/strong> (\u00c9dition num\u00e9rique) \u2013 23\/11\/2015<\/p>\n\n\n\n<p>\u2013 <strong>Vihuela and Guitar Recital<\/strong> \u2013 T 1530-2015 \u2013 SGAE \u2013 CGC 002, Espagne, 2015<\/p>\n\n\n\n<p><strong><em>2014<\/em><\/strong><\/p>\n\n\n\n<p>\u2013 <strong>Classical Guitar<\/strong> (\u00c9dition num\u00e9rique) \u2013 21\/09\/2014<\/p>\n\n\n\n<p><strong><em>2008<\/em><\/strong><\/p>\n\n\n\n<p>\u2013 <strong>Recopilaci\u00f3n Javier Van Velthoven<\/strong> \u2013 Glissando \u2013 Producci\u00f3n JFV CD3, Espagne \u2013 2008<\/p>\n\n\n\n<p><strong><em>2001<\/em><\/strong><\/p>\n\n\n\n<p>\u2013 <strong>Javier Van Velthoven<\/strong> \u2013 B 32426-01 \u2013 SGAE \u2013 EI 346 CD \u2013 Gemecs, Espagne \u2013 2001<\/p>\n\n\n\n<p><strong><em>1994<\/em><\/strong><\/p>\n\n\n\n<p>\u2013 <strong>Javier Van Velthoven<\/strong> \u2013 B 18479-94 \u2013 SGAE \u2013 EI 125 CD \u2013 Gemecs, Espagne \u2013 1994<\/p>\n\n\n\n<p>\u2013 <strong>Javier Van Velthoven<\/strong> \u2013 B 18480\/94 \u2013 SGAE \u2013 EI 126 \u2013 Gemecs, Espagne \u2013 1994<\/p>\n\n\n\n<p>\u2013 <strong>Javier Van Velthoven<\/strong> \u2013 B 18481\/94 \u2013 SGAE \u2013 EI 127 \u2013 Gemecs, Espagne \u2013 1994<\/p>\n\n\n\n<p><strong><em>1992<\/em><\/strong><\/p>\n\n\n\n<p>\u2013 <strong>Javier Van Velthoven<\/strong> \u2013 B 29814\/92 \u2013 SGAE \u2013 EI 085 \u2013 Gemecs, Espagne \u2013 1992<\/p>\n\n\n\n<p><strong><em>Collaborations:<\/em><\/strong><\/p>\n\n\n\n<p><strong><em>2021<\/em><\/strong><\/p>\n\n\n\n<p>\u2013 <strong>Guitarra &amp; Poes\u00eda, Tiempo y Vida<\/strong> (\u00c9dition num\u00e9rique) \u2013 15\/02\/2021<\/p>\n\n\n\n<p>\u2013 <strong>El latido de la copla<\/strong> (\u00c9dition num\u00e9rique) \u2013 02\/03\/2021<\/p>\n\n\n\n<p><strong><em>2015<\/em><\/strong><\/p>\n\n\n\n<p>\u2013 <strong>Spanish guitar by D\u00fao Aranjuez<\/strong> (\u00c9dition num\u00e9rique) \u2013 02\/08\/2015<\/p>\n\n\n\n<p>\u2013 <strong>Spanish Guitar<\/strong> (D\u00fao Aranjuez) \u2013 T 909-2015 \u2013 SGAE \u2013 CGC 001, Espagne \u2013 2015<\/p>\n\n\n\n<p><strong><em>2014<\/em><\/strong><\/p>\n\n\n\n<p>\u2013 <strong>Tiempo y vida<\/strong> (con Gerardo Molina) \u2013 AGADU \u2013 5795-2, Uruguay \u2013 2014<\/p>\n\n\n\n<p><strong><em>2002<\/em><\/strong><\/p>\n\n\n\n<p>\u2013 <strong>El latido de la copla<\/strong> (con Gerardo Molina) \u2013 AGADU \u2013 2721-2, Uruguay \u2013 2002<\/p>\n\n\n\n<p><strong><em>1999<\/em><\/strong><\/p>\n\n\n\n<p>\u2013 Gerardo Molina \u2013 <strong>Poemas y canciones<\/strong> \u2013 AGADU \u2013 GCW 002, Uruguay \u2013 1999<\/p>\n\n\n\n<p><strong><em>1990<\/em><\/strong><\/p>\n\n\n\n<p>\u2013 <strong>Los del Camino y Gerardo Molina<\/strong> \u2013 AGADU \u2013 GMW, Uruguay 1990<\/p>\n\n\n\n<p><strong><em>1987<\/em><\/strong><\/p>\n\n\n\n<p>\u2013 <strong>Para mi coraz\u00f3n<\/strong> \u2013 Carlos Alfredo M\u00e9ndez \u2013 AGADU \u2013 Sondor , Uruguay \u2013 1987<\/p>\n<\/div>\n<\/div>\n","protected":false},"excerpt":{"rendered":"<p>En tant que soliste: 2024 &#8211; Lascia Ch&rsquo;io Pianga (\u00c9dition num\u00e9rique -Single) 18\/10\/2024 &#8211; Sur (\u00c9dition num\u00e9rique &#8211; Single) 04\/10\/2024 &#8211; Vals venezolano No. 2 (Andre\u00edna) (\u00c9dition num\u00e9rique &#8211; Single) 20\/09\/2024 &#8211; Unchained Melody (Edition num\u00e9rique &#8211; Single) 06\/10\/2024 &#8211; Can&rsquo;t Help Falling in Love (Edition num\u00e9rique &#8211; Single) 26\/07\/2024 &#8211; Maria, Mar\u00ec (Edition num\u00e9rique &hellip; <\/p>\n<p class=\"link-more\"><a href=\"https:\/\/javiervanvelthoven.com\/fr\/index.php\/discographie\/\" class=\"more-link\">Continuer la lecture<span class=\"screen-reader-text\"> de &laquo;&nbsp;Discographie&nbsp;&raquo;<\/span><\/a><\/p>\n","protected":false},"author":1,"featured_media":0,"parent":0,"menu_order":3,"comment_status":"closed","ping_status":"closed","template":"","meta":{"footnotes":""},"class_list":["post-18","page","type-page","status-publish","hentry"],"yoast_head":"<!-- This site is optimized with the Yoast SEO plugin v23.8 - https:\/\/yoast.com\/wordpress\/plugins\/seo\/ -->\n<title>Discographie - Javier Van Velthoven<\/title>\n<meta name=\"description\" content=\"Discographie du guitariste Javier Van Velthoven. Concerts de guitare classique. Musique classique et populaire\" \/>\n<meta name=\"robots\" content=\"index, follow, max-snippet:-1, max-image-preview:large, max-video-preview:-1\" \/>\n<link rel=\"canonical\" href=\"https:\/\/javiervanvelthoven.com\/fr\/index.php\/discographie\/\" \/>\n<meta property=\"og:locale\" content=\"fr_FR\" \/>\n<meta property=\"og:type\" content=\"article\" \/>\n<meta property=\"og:title\" content=\"Discographie - Javier Van Velthoven\" \/>\n<meta property=\"og:description\" content=\"Discographie du guitariste Javier Van Velthoven. Concerts de guitare classique. Musique classique et populaire\" \/>\n<meta property=\"og:url\" content=\"https:\/\/javiervanvelthoven.com\/fr\/index.php\/discographie\/\" \/>\n<meta property=\"og:site_name\" content=\"Javier Van Velthoven\" \/>\n<meta property=\"article:publisher\" content=\"https:\/\/www.facebook.com\/guitarconcerts\" \/>\n<meta property=\"article:modified_time\" content=\"2024-09-13T09:51:50+00:00\" \/>\n<meta property=\"og:image\" content=\"http:\/\/javiervanvelthoven.com\/fr\/wp-content\/uploads\/2021\/06\/Foto-vihuela-Javier-6-851x1024.jpg\" \/>\n<meta name=\"twitter:card\" content=\"summary_large_image\" \/>\n<meta name=\"twitter:site\" content=\"@jvanvelthoven\" \/>\n<meta name=\"twitter:label1\" content=\"Dur\u00e9e de lecture estim\u00e9e\" \/>\n\t<meta name=\"twitter:data1\" content=\"3 minutes\" \/>\n<script type=\"application\/ld+json\" class=\"yoast-schema-graph\">{\"@context\":\"https:\/\/schema.org\",\"@graph\":[{\"@type\":\"WebPage\",\"@id\":\"https:\/\/javiervanvelthoven.com\/fr\/index.php\/discographie\/\",\"url\":\"https:\/\/javiervanvelthoven.com\/fr\/index.php\/discographie\/\",\"name\":\"Discographie - Javier Van Velthoven\",\"isPartOf\":{\"@id\":\"https:\/\/javiervanvelthoven.com\/fr\/#website\"},\"primaryImageOfPage\":{\"@id\":\"https:\/\/javiervanvelthoven.com\/fr\/index.php\/discographie\/#primaryimage\"},\"image\":{\"@id\":\"https:\/\/javiervanvelthoven.com\/fr\/index.php\/discographie\/#primaryimage\"},\"thumbnailUrl\":\"http:\/\/javiervanvelthoven.com\/fr\/wp-content\/uploads\/2021\/06\/Foto-vihuela-Javier-6-851x1024.jpg\",\"datePublished\":\"2020-10-05T17:33:54+00:00\",\"dateModified\":\"2024-09-13T09:51:50+00:00\",\"description\":\"Discographie du guitariste Javier Van Velthoven. Concerts de guitare classique. Musique classique et populaire\",\"breadcrumb\":{\"@id\":\"https:\/\/javiervanvelthoven.com\/fr\/index.php\/discographie\/#breadcrumb\"},\"inLanguage\":\"fr-FR\",\"potentialAction\":[{\"@type\":\"ReadAction\",\"target\":[\"https:\/\/javiervanvelthoven.com\/fr\/index.php\/discographie\/\"]}]},{\"@type\":\"ImageObject\",\"inLanguage\":\"fr-FR\",\"@id\":\"https:\/\/javiervanvelthoven.com\/fr\/index.php\/discographie\/#primaryimage\",\"url\":\"https:\/\/javiervanvelthoven.com\/fr\/wp-content\/uploads\/2021\/06\/Foto-vihuela-Javier-6.jpg\",\"contentUrl\":\"https:\/\/javiervanvelthoven.com\/fr\/wp-content\/uploads\/2021\/06\/Foto-vihuela-Javier-6.jpg\",\"width\":1301,\"height\":1565},{\"@type\":\"BreadcrumbList\",\"@id\":\"https:\/\/javiervanvelthoven.com\/fr\/index.php\/discographie\/#breadcrumb\",\"itemListElement\":[{\"@type\":\"ListItem\",\"position\":1,\"name\":\"Portada\",\"item\":\"https:\/\/javiervanvelthoven.com\/fr\/\"},{\"@type\":\"ListItem\",\"position\":2,\"name\":\"Discographie\"}]},{\"@type\":\"WebSite\",\"@id\":\"https:\/\/javiervanvelthoven.com\/fr\/#website\",\"url\":\"https:\/\/javiervanvelthoven.com\/fr\/\",\"name\":\"Javier Van Velthoven\",\"description\":\"Guitarrista - Guitarist - Guitariste\",\"publisher\":{\"@id\":\"https:\/\/javiervanvelthoven.com\/fr\/#organization\"},\"potentialAction\":[{\"@type\":\"SearchAction\",\"target\":{\"@type\":\"EntryPoint\",\"urlTemplate\":\"https:\/\/javiervanvelthoven.com\/fr\/?s={search_term_string}\"},\"query-input\":{\"@type\":\"PropertyValueSpecification\",\"valueRequired\":true,\"valueName\":\"search_term_string\"}}],\"inLanguage\":\"fr-FR\"},{\"@type\":\"Organization\",\"@id\":\"https:\/\/javiervanvelthoven.com\/fr\/#organization\",\"name\":\"Classical Guitar Concerts\",\"url\":\"https:\/\/javiervanvelthoven.com\/fr\/\",\"logo\":{\"@type\":\"ImageObject\",\"inLanguage\":\"fr-FR\",\"@id\":\"https:\/\/javiervanvelthoven.com\/fr\/#\/schema\/logo\/image\/\",\"url\":\"http:\/\/javiervanvelthoven.com\/fr\/wp-content\/uploads\/2021\/11\/Logo-Classical-Guitar-Concerts.jpg\",\"contentUrl\":\"http:\/\/javiervanvelthoven.com\/fr\/wp-content\/uploads\/2021\/11\/Logo-Classical-Guitar-Concerts.jpg\",\"width\":500,\"height\":302,\"caption\":\"Classical Guitar Concerts\"},\"image\":{\"@id\":\"https:\/\/javiervanvelthoven.com\/fr\/#\/schema\/logo\/image\/\"},\"sameAs\":[\"https:\/\/www.facebook.com\/guitarconcerts\",\"https:\/\/x.com\/jvanvelthoven\",\"https:\/\/www.instagram.com\/javier_van_velthoven\/?hl=es\",\"https:\/\/www.linkedin.com\/in\/javier-van-velthoven-169bb581\/\",\"https:\/\/www.youtube.com\/user\/Javiervanvel\"]}]}<\/script>\n<!-- \/ Yoast SEO plugin. -->","yoast_head_json":{"title":"Discographie - Javier Van Velthoven","description":"Discographie du guitariste Javier Van Velthoven. Concerts de guitare classique. Musique classique et populaire","robots":{"index":"index","follow":"follow","max-snippet":"max-snippet:-1","max-image-preview":"max-image-preview:large","max-video-preview":"max-video-preview:-1"},"canonical":"https:\/\/javiervanvelthoven.com\/fr\/index.php\/discographie\/","og_locale":"fr_FR","og_type":"article","og_title":"Discographie - Javier Van Velthoven","og_description":"Discographie du guitariste Javier Van Velthoven. Concerts de guitare classique. Musique classique et populaire","og_url":"https:\/\/javiervanvelthoven.com\/fr\/index.php\/discographie\/","og_site_name":"Javier Van Velthoven","article_publisher":"https:\/\/www.facebook.com\/guitarconcerts","article_modified_time":"2024-09-13T09:51:50+00:00","og_image":[{"url":"http:\/\/javiervanvelthoven.com\/fr\/wp-content\/uploads\/2021\/06\/Foto-vihuela-Javier-6-851x1024.jpg"}],"twitter_card":"summary_large_image","twitter_site":"@jvanvelthoven","twitter_misc":{"Dur\u00e9e de lecture estim\u00e9e":"3 minutes"},"schema":{"@context":"https:\/\/schema.org","@graph":[{"@type":"WebPage","@id":"https:\/\/javiervanvelthoven.com\/fr\/index.php\/discographie\/","url":"https:\/\/javiervanvelthoven.com\/fr\/index.php\/discographie\/","name":"Discographie - Javier Van Velthoven","isPartOf":{"@id":"https:\/\/javiervanvelthoven.com\/fr\/#website"},"primaryImageOfPage":{"@id":"https:\/\/javiervanvelthoven.com\/fr\/index.php\/discographie\/#primaryimage"},"image":{"@id":"https:\/\/javiervanvelthoven.com\/fr\/index.php\/discographie\/#primaryimage"},"thumbnailUrl":"http:\/\/javiervanvelthoven.com\/fr\/wp-content\/uploads\/2021\/06\/Foto-vihuela-Javier-6-851x1024.jpg","datePublished":"2020-10-05T17:33:54+00:00","dateModified":"2024-09-13T09:51:50+00:00","description":"Discographie du guitariste Javier Van Velthoven. Concerts de guitare classique. Musique classique et populaire","breadcrumb":{"@id":"https:\/\/javiervanvelthoven.com\/fr\/index.php\/discographie\/#breadcrumb"},"inLanguage":"fr-FR","potentialAction":[{"@type":"ReadAction","target":["https:\/\/javiervanvelthoven.com\/fr\/index.php\/discographie\/"]}]},{"@type":"ImageObject","inLanguage":"fr-FR","@id":"https:\/\/javiervanvelthoven.com\/fr\/index.php\/discographie\/#primaryimage","url":"https:\/\/javiervanvelthoven.com\/fr\/wp-content\/uploads\/2021\/06\/Foto-vihuela-Javier-6.jpg","contentUrl":"https:\/\/javiervanvelthoven.com\/fr\/wp-content\/uploads\/2021\/06\/Foto-vihuela-Javier-6.jpg","width":1301,"height":1565},{"@type":"BreadcrumbList","@id":"https:\/\/javiervanvelthoven.com\/fr\/index.php\/discographie\/#breadcrumb","itemListElement":[{"@type":"ListItem","position":1,"name":"Portada","item":"https:\/\/javiervanvelthoven.com\/fr\/"},{"@type":"ListItem","position":2,"name":"Discographie"}]},{"@type":"WebSite","@id":"https:\/\/javiervanvelthoven.com\/fr\/#website","url":"https:\/\/javiervanvelthoven.com\/fr\/","name":"Javier Van Velthoven","description":"Guitarrista - Guitarist - Guitariste","publisher":{"@id":"https:\/\/javiervanvelthoven.com\/fr\/#organization"},"potentialAction":[{"@type":"SearchAction","target":{"@type":"EntryPoint","urlTemplate":"https:\/\/javiervanvelthoven.com\/fr\/?s={search_term_string}"},"query-input":{"@type":"PropertyValueSpecification","valueRequired":true,"valueName":"search_term_string"}}],"inLanguage":"fr-FR"},{"@type":"Organization","@id":"https:\/\/javiervanvelthoven.com\/fr\/#organization","name":"Classical Guitar Concerts","url":"https:\/\/javiervanvelthoven.com\/fr\/","logo":{"@type":"ImageObject","inLanguage":"fr-FR","@id":"https:\/\/javiervanvelthoven.com\/fr\/#\/schema\/logo\/image\/","url":"http:\/\/javiervanvelthoven.com\/fr\/wp-content\/uploads\/2021\/11\/Logo-Classical-Guitar-Concerts.jpg","contentUrl":"http:\/\/javiervanvelthoven.com\/fr\/wp-content\/uploads\/2021\/11\/Logo-Classical-Guitar-Concerts.jpg","width":500,"height":302,"caption":"Classical Guitar Concerts"},"image":{"@id":"https:\/\/javiervanvelthoven.com\/fr\/#\/schema\/logo\/image\/"},"sameAs":["https:\/\/www.facebook.com\/guitarconcerts","https:\/\/x.com\/jvanvelthoven","https:\/\/www.instagram.com\/javier_van_velthoven\/?hl=es","https:\/\/www.linkedin.com\/in\/javier-van-velthoven-169bb581\/","https:\/\/www.youtube.com\/user\/Javiervanvel"]}]}},"_links":{"self":[{"href":"https:\/\/javiervanvelthoven.com\/fr\/index.php\/wp-json\/wp\/v2\/pages\/18"}],"collection":[{"href":"https:\/\/javiervanvelthoven.com\/fr\/index.php\/wp-json\/wp\/v2\/pages"}],"about":[{"href":"https:\/\/javiervanvelthoven.com\/fr\/index.php\/wp-json\/wp\/v2\/types\/page"}],"author":[{"embeddable":true,"href":"https:\/\/javiervanvelthoven.com\/fr\/index.php\/wp-json\/wp\/v2\/users\/1"}],"replies":[{"embeddable":true,"href":"https:\/\/javiervanvelthoven.com\/fr\/index.php\/wp-json\/wp\/v2\/comments?post=18"}],"version-history":[{"count":37,"href":"https:\/\/javiervanvelthoven.com\/fr\/index.php\/wp-json\/wp\/v2\/pages\/18\/revisions"}],"predecessor-version":[{"id":374,"href":"https:\/\/javiervanvelthoven.com\/fr\/index.php\/wp-json\/wp\/v2\/pages\/18\/revisions\/374"}],"wp:attachment":[{"href":"https:\/\/javiervanvelthoven.com\/fr\/index.php\/wp-json\/wp\/v2\/media?parent=18"}],"curies":[{"name":"wp","href":"https:\/\/api.w.org\/{rel}","templated":true}]}}