{"id":16,"date":"2020-10-05T19:33:15","date_gmt":"2020-10-05T17:33:15","guid":{"rendered":"http:\/\/javiervanvelthoven.com\/fr\/?page_id=16"},"modified":"2021-12-23T13:12:00","modified_gmt":"2021-12-23T12:12:00","slug":"biographie","status":"publish","type":"page","link":"https:\/\/javiervanvelthoven.com\/fr\/index.php\/biographie\/","title":{"rendered":"Biographie"},"content":{"rendered":"\n<div class=\"wp-block-columns is-layout-flex wp-container-core-columns-is-layout-1 wp-block-columns-is-layout-flex\">\n<div class=\"wp-block-column is-layout-flow wp-block-column-is-layout-flow\">\n<figure class=\"wp-block-image size-large\"><img loading=\"lazy\" decoding=\"async\" width=\"640\" height=\"482\" src=\"https:\/\/javiervanvelthoven.com\/fr\/wp-content\/uploads\/2021\/06\/Foto_biografia.jpg\" alt=\"\" class=\"wp-image-80\" srcset=\"https:\/\/javiervanvelthoven.com\/fr\/wp-content\/uploads\/2021\/06\/Foto_biografia.jpg 640w, https:\/\/javiervanvelthoven.com\/fr\/wp-content\/uploads\/2021\/06\/Foto_biografia-300x226.jpg 300w\" sizes=\"(max-width: 640px) 100vw, 640px\" \/><\/figure>\n<\/div>\n\n\n\n<div class=\"wp-block-column is-layout-flow wp-block-column-is-layout-flow\">\n<p>N\u00e9 \u00e0 Los Cerrillos (Uruguay). Citoyen belge r\u00e9sidant en Catalogne depuis 1992. Il a commenc\u00e9 des \u00e9tudes de guitare et de solf\u00e8ge en 1973 au \u00ab\u00a0Conservatoire de musique Beethoven\u00a0\u00bb de Montevideo (Uruguay) avec le professeur Blanca Silva y Armas, poursuivant en 1981 avec le professeur Daniel Berrueta audit conservatoire.<\/p>\n\n\n\n<p>Entre 1983 et 1992, il a \u00e9tudi\u00e9 \u00e0 l&rsquo;\u00c9cole de musique de l&rsquo;Universit\u00e9 de Montevideo sous la direction des professeurs Atilio Rapat, Krishna Salinas, Eduardo Fern\u00e1ndez et Ramiro Agriel, obtenant un dipl\u00f4me en guitare. Au cours de ces ann\u00e9es, il a \u00e9galement \u00e9tudi\u00e9 la composition \u00e0 cette \u00e9cole.<\/p>\n\n\n\n<p>Plus tard, \u00e0 Barcelone (Espagne &#8211; 1993), il obtient son dipl\u00f4me de professeur de guitare senior.<\/p>\n\n\n\n<p>En 1995, il obtient le Certificat d&rsquo;Aptitude P\u00e9dagogique \u00e0 l&rsquo;Universit\u00e9 Polytechnique de Catalogne.<\/p>\n\n\n\n<p>Cours de formation :<\/p>\n\n\n\n<p>&#8211; S\u00e9minaire International de Guitare \u00e0 Los Cocos (C\u00f3rdoba &#8211; Argentine) en 1987, \u00e9tudiant avec les professeurs Mar\u00eda Isabel Siewers et \u00d3scar Ohlsen.<\/p>\n\n\n\n<p>&#8211; Cours avec Betho Davezac \u00e0 l&rsquo;Ecole de Musique de l&rsquo;Universit\u00e9 de Montevideo en 1987.<\/p>\n\n\n\n<p>&#8211; Obtient une bourse par concours pour participer en tant qu&rsquo;\u00e9tudiant actif au XVe s\u00e9minaire international de guitare organis\u00e9 \u00e0 la \u00ab\u00a0Facult\u00e9 de musique palestinienne de Porto Alegre\u00a0\u00bb (Br\u00e9sil &#8211; 1988), \u00e9tudiant avec les professeurs Horacio Ceballos, Miguel \u00c1ngel Girolet et Eduardo Isaac.<\/p>\n\n\n\n<p>&#8211; Obtient une bourse de l&rsquo;Association des \u00e9tudiants en musique de Montevideo (Aemus) par concours en 1988.<\/p>\n\n\n\n<p>&#8211; Gagner par concours une bourse pour participer au \u00ab\u00a0I S\u00e9minaire International de Guitare de Montevideo\u00a0\u00bb en prenant des cours avec Alvaro Pierri en 1990.<\/p>\n\n\n\n<p>&#8211; Entre 1994 et 1995, il a particip\u00e9 aux cours dispens\u00e9s par l&rsquo;\u00e9cole Luthier de Barcelone, en prenant des cours en tant qu&rsquo;\u00e9tudiant actif avec Jos\u00e9 Tom\u00e1s et en tant qu&rsquo;auditeur avec David Russel. Il suit le cours donn\u00e9 par Eduardo Fal\u00fa au Studio Musical Eulogio D\u00e1valos de Barcelone.<\/p>\n\n\n\n<p>&#8211; En 1998, il a suivi comme auditeur le cours donn\u00e9 par lvaro Pierri \u00e0 l&rsquo;\u00c9cole de Musique Carrero de Barcelone.<\/p>\n\n\n\n<p>R\u00e9compenses:<\/p>\n\n\n\n<p>&#8211; Uruguay Guitar Center en 1987.<\/p>\n\n\n\n<p>&#8211; Juventudes Musicales del Uruguay en 1988.<\/p>\n\n\n\n<p>&#8211; Premier prix au \u00ab\u00a0Concours extraordinaire pour instrumentistes\u00a0\u00bb parrain\u00e9 par le minist\u00e8re de l&rsquo;\u00c9ducation et de la Culture de Montevideo en 1988.<\/p>\n\n\n\n<p>&#8211; Prix Art x art en musique CD : \u00abEl latido de la copla\u00bb de Gerardo Molina (Rosario, Argentine), juin 2005.<\/p>\n\n\n\n<p>Il a d\u00e9velopp\u00e9 une intense activit\u00e9 en tant que professeur (dans plusieurs Instituts d&rsquo;Enseignement Secondaire et Conservatoires de Musique) et en tant que soliste se produisant dans diff\u00e9rentes villes d&rsquo;Uruguay, Argentine, Br\u00e9sil, Espagne, France, Belgique ; voyageant \u00e9galement aux \u00c9tats-Unis pour se produire \u00e0 New York en 2009.<\/p>\n\n\n\n<p>En plus de se produire en tant que soliste, il se produit \u00e9galement fr\u00e9quemment dans des groupes de chambre et des chanteurs, avec un r\u00e9pertoire \u00e0 la fois classique et populaire, maintenant en permanence des performances dans des concerts et des \u00e9v\u00e9nements.<\/p>\n\n\n\n<p>En soliste, il a enregistr\u00e9 pour le label Gemecs et des productions ind\u00e9pendantes, un r\u00e9pertoire vari\u00e9 qui va de la Renaissance \u00e0 l&rsquo;\u00e9poque contemporaine.<\/p>\n\n\n\n<p>En 2015, il a enregistr\u00e9 avec son propre label le CD \u00ab&nbsp;Spanish Guitar&nbsp;\u00bb avec le Duo Aranjuez (avec Pablo Despeyroux) et le CD \u00ab&nbsp;Vihuela and Guitar Recital&nbsp;\u00bb en tant que soliste, qui a \u00e9t\u00e9 enregistr\u00e9 \u00e0 l&rsquo;Auditorium Pau Casals \u00e0 San Salvador &#8211; El Vendrell &#8211; Espagne.<\/p>\n\n\n\n<p>Plusieurs des CD d\u00e9j\u00e0 sortis physiquement et d&rsquo;autres versions plus r\u00e9centes sont d\u00e9sormais disponibles en \u00e9dition num\u00e9rique sur toutes les plateformes.<\/p>\n\n\n\n<p>En plus d&rsquo;\u00eatre guitariste et joueur de vihuela, il travaille \u00e9galement comme compositeur, arrangeur et producteur.<\/p>\n\n\n\n<p>Il a collabor\u00e9 \u00e0 des enregistrements avec diff\u00e9rents artistes de musique populaire et avec le po\u00e8te Gerardo Molina (Uruguay) il partage deux CD, dont l&rsquo;un (El latido de la copla) a re\u00e7u le prix art x art en musique CD : El latido de la copla par Gerardo Molina (Rosario, Argentine) en juin 2005.<\/p>\n\n\n\n<p>Dans ses concerts il joue avec une vihuela construite par le luthier Jaume Bosser (Igualada &#8211; Barcelone &#8211; Espagne) et une guitare construite par le luthier Paco Mar\u00edn (Grenade &#8211; Espagne).<\/p>\n<\/div>\n<\/div>\n","protected":false},"excerpt":{"rendered":"<p>N\u00e9 \u00e0 Los Cerrillos (Uruguay). Citoyen belge r\u00e9sidant en Catalogne depuis 1992. Il a commenc\u00e9 des \u00e9tudes de guitare et de solf\u00e8ge en 1973 au \u00ab\u00a0Conservatoire de musique Beethoven\u00a0\u00bb de Montevideo (Uruguay) avec le professeur Blanca Silva y Armas, poursuivant en 1981 avec le professeur Daniel Berrueta audit conservatoire. Entre 1983 et 1992, il a &hellip; <\/p>\n<p class=\"link-more\"><a href=\"https:\/\/javiervanvelthoven.com\/fr\/index.php\/biographie\/\" class=\"more-link\">Continuer la lecture<span class=\"screen-reader-text\"> de &laquo;&nbsp;Biographie&nbsp;&raquo;<\/span><\/a><\/p>\n","protected":false},"author":1,"featured_media":0,"parent":0,"menu_order":2,"comment_status":"closed","ping_status":"closed","template":"","meta":{"footnotes":""},"class_list":["post-16","page","type-page","status-publish","hentry"],"yoast_head":"<!-- This site is optimized with the Yoast SEO plugin v23.8 - https:\/\/yoast.com\/wordpress\/plugins\/seo\/ -->\n<title>Biographie - Javier Van Velthoven<\/title>\n<meta name=\"description\" content=\"Biographie du guitariste Javier Van Velthoven. Concerts de guitare classique. Musique classique et populaire\" \/>\n<meta name=\"robots\" content=\"index, follow, max-snippet:-1, max-image-preview:large, max-video-preview:-1\" \/>\n<link rel=\"canonical\" href=\"https:\/\/javiervanvelthoven.com\/fr\/index.php\/biographie\/\" \/>\n<meta property=\"og:locale\" content=\"fr_FR\" \/>\n<meta property=\"og:type\" content=\"article\" \/>\n<meta property=\"og:title\" content=\"Biographie - Javier Van Velthoven\" \/>\n<meta property=\"og:description\" content=\"Biographie du guitariste Javier Van Velthoven. Concerts de guitare classique. Musique classique et populaire\" \/>\n<meta property=\"og:url\" content=\"https:\/\/javiervanvelthoven.com\/fr\/index.php\/biographie\/\" \/>\n<meta property=\"og:site_name\" content=\"Javier Van Velthoven\" \/>\n<meta property=\"article:publisher\" content=\"https:\/\/www.facebook.com\/guitarconcerts\" \/>\n<meta property=\"article:modified_time\" content=\"2021-12-23T12:12:00+00:00\" \/>\n<meta property=\"og:image\" content=\"http:\/\/javiervanvelthoven.com\/fr\/wp-content\/uploads\/2021\/06\/Foto_biografia.jpg\" \/>\n<meta name=\"twitter:card\" content=\"summary_large_image\" \/>\n<meta name=\"twitter:site\" content=\"@jvanvelthoven\" \/>\n<meta name=\"twitter:label1\" content=\"Dur\u00e9e de lecture estim\u00e9e\" \/>\n\t<meta name=\"twitter:data1\" content=\"4 minutes\" \/>\n<script type=\"application\/ld+json\" class=\"yoast-schema-graph\">{\"@context\":\"https:\/\/schema.org\",\"@graph\":[{\"@type\":\"WebPage\",\"@id\":\"https:\/\/javiervanvelthoven.com\/fr\/index.php\/biographie\/\",\"url\":\"https:\/\/javiervanvelthoven.com\/fr\/index.php\/biographie\/\",\"name\":\"Biographie - Javier Van Velthoven\",\"isPartOf\":{\"@id\":\"https:\/\/javiervanvelthoven.com\/fr\/#website\"},\"primaryImageOfPage\":{\"@id\":\"https:\/\/javiervanvelthoven.com\/fr\/index.php\/biographie\/#primaryimage\"},\"image\":{\"@id\":\"https:\/\/javiervanvelthoven.com\/fr\/index.php\/biographie\/#primaryimage\"},\"thumbnailUrl\":\"http:\/\/javiervanvelthoven.com\/fr\/wp-content\/uploads\/2021\/06\/Foto_biografia.jpg\",\"datePublished\":\"2020-10-05T17:33:15+00:00\",\"dateModified\":\"2021-12-23T12:12:00+00:00\",\"description\":\"Biographie du guitariste Javier Van Velthoven. Concerts de guitare classique. Musique classique et populaire\",\"breadcrumb\":{\"@id\":\"https:\/\/javiervanvelthoven.com\/fr\/index.php\/biographie\/#breadcrumb\"},\"inLanguage\":\"fr-FR\",\"potentialAction\":[{\"@type\":\"ReadAction\",\"target\":[\"https:\/\/javiervanvelthoven.com\/fr\/index.php\/biographie\/\"]}]},{\"@type\":\"ImageObject\",\"inLanguage\":\"fr-FR\",\"@id\":\"https:\/\/javiervanvelthoven.com\/fr\/index.php\/biographie\/#primaryimage\",\"url\":\"https:\/\/javiervanvelthoven.com\/fr\/wp-content\/uploads\/2021\/06\/Foto_biografia.jpg\",\"contentUrl\":\"https:\/\/javiervanvelthoven.com\/fr\/wp-content\/uploads\/2021\/06\/Foto_biografia.jpg\",\"width\":640,\"height\":482},{\"@type\":\"BreadcrumbList\",\"@id\":\"https:\/\/javiervanvelthoven.com\/fr\/index.php\/biographie\/#breadcrumb\",\"itemListElement\":[{\"@type\":\"ListItem\",\"position\":1,\"name\":\"Portada\",\"item\":\"https:\/\/javiervanvelthoven.com\/fr\/\"},{\"@type\":\"ListItem\",\"position\":2,\"name\":\"Biographie\"}]},{\"@type\":\"WebSite\",\"@id\":\"https:\/\/javiervanvelthoven.com\/fr\/#website\",\"url\":\"https:\/\/javiervanvelthoven.com\/fr\/\",\"name\":\"Javier Van Velthoven\",\"description\":\"Guitarrista - Guitarist - Guitariste\",\"publisher\":{\"@id\":\"https:\/\/javiervanvelthoven.com\/fr\/#organization\"},\"potentialAction\":[{\"@type\":\"SearchAction\",\"target\":{\"@type\":\"EntryPoint\",\"urlTemplate\":\"https:\/\/javiervanvelthoven.com\/fr\/?s={search_term_string}\"},\"query-input\":{\"@type\":\"PropertyValueSpecification\",\"valueRequired\":true,\"valueName\":\"search_term_string\"}}],\"inLanguage\":\"fr-FR\"},{\"@type\":\"Organization\",\"@id\":\"https:\/\/javiervanvelthoven.com\/fr\/#organization\",\"name\":\"Classical Guitar Concerts\",\"url\":\"https:\/\/javiervanvelthoven.com\/fr\/\",\"logo\":{\"@type\":\"ImageObject\",\"inLanguage\":\"fr-FR\",\"@id\":\"https:\/\/javiervanvelthoven.com\/fr\/#\/schema\/logo\/image\/\",\"url\":\"http:\/\/javiervanvelthoven.com\/fr\/wp-content\/uploads\/2021\/11\/Logo-Classical-Guitar-Concerts.jpg\",\"contentUrl\":\"http:\/\/javiervanvelthoven.com\/fr\/wp-content\/uploads\/2021\/11\/Logo-Classical-Guitar-Concerts.jpg\",\"width\":500,\"height\":302,\"caption\":\"Classical Guitar Concerts\"},\"image\":{\"@id\":\"https:\/\/javiervanvelthoven.com\/fr\/#\/schema\/logo\/image\/\"},\"sameAs\":[\"https:\/\/www.facebook.com\/guitarconcerts\",\"https:\/\/x.com\/jvanvelthoven\",\"https:\/\/www.instagram.com\/javier_van_velthoven\/?hl=es\",\"https:\/\/www.linkedin.com\/in\/javier-van-velthoven-169bb581\/\",\"https:\/\/www.youtube.com\/user\/Javiervanvel\"]}]}<\/script>\n<!-- \/ Yoast SEO plugin. -->","yoast_head_json":{"title":"Biographie - Javier Van Velthoven","description":"Biographie du guitariste Javier Van Velthoven. Concerts de guitare classique. Musique classique et populaire","robots":{"index":"index","follow":"follow","max-snippet":"max-snippet:-1","max-image-preview":"max-image-preview:large","max-video-preview":"max-video-preview:-1"},"canonical":"https:\/\/javiervanvelthoven.com\/fr\/index.php\/biographie\/","og_locale":"fr_FR","og_type":"article","og_title":"Biographie - Javier Van Velthoven","og_description":"Biographie du guitariste Javier Van Velthoven. Concerts de guitare classique. Musique classique et populaire","og_url":"https:\/\/javiervanvelthoven.com\/fr\/index.php\/biographie\/","og_site_name":"Javier Van Velthoven","article_publisher":"https:\/\/www.facebook.com\/guitarconcerts","article_modified_time":"2021-12-23T12:12:00+00:00","og_image":[{"url":"http:\/\/javiervanvelthoven.com\/fr\/wp-content\/uploads\/2021\/06\/Foto_biografia.jpg"}],"twitter_card":"summary_large_image","twitter_site":"@jvanvelthoven","twitter_misc":{"Dur\u00e9e de lecture estim\u00e9e":"4 minutes"},"schema":{"@context":"https:\/\/schema.org","@graph":[{"@type":"WebPage","@id":"https:\/\/javiervanvelthoven.com\/fr\/index.php\/biographie\/","url":"https:\/\/javiervanvelthoven.com\/fr\/index.php\/biographie\/","name":"Biographie - Javier Van Velthoven","isPartOf":{"@id":"https:\/\/javiervanvelthoven.com\/fr\/#website"},"primaryImageOfPage":{"@id":"https:\/\/javiervanvelthoven.com\/fr\/index.php\/biographie\/#primaryimage"},"image":{"@id":"https:\/\/javiervanvelthoven.com\/fr\/index.php\/biographie\/#primaryimage"},"thumbnailUrl":"http:\/\/javiervanvelthoven.com\/fr\/wp-content\/uploads\/2021\/06\/Foto_biografia.jpg","datePublished":"2020-10-05T17:33:15+00:00","dateModified":"2021-12-23T12:12:00+00:00","description":"Biographie du guitariste Javier Van Velthoven. Concerts de guitare classique. Musique classique et populaire","breadcrumb":{"@id":"https:\/\/javiervanvelthoven.com\/fr\/index.php\/biographie\/#breadcrumb"},"inLanguage":"fr-FR","potentialAction":[{"@type":"ReadAction","target":["https:\/\/javiervanvelthoven.com\/fr\/index.php\/biographie\/"]}]},{"@type":"ImageObject","inLanguage":"fr-FR","@id":"https:\/\/javiervanvelthoven.com\/fr\/index.php\/biographie\/#primaryimage","url":"https:\/\/javiervanvelthoven.com\/fr\/wp-content\/uploads\/2021\/06\/Foto_biografia.jpg","contentUrl":"https:\/\/javiervanvelthoven.com\/fr\/wp-content\/uploads\/2021\/06\/Foto_biografia.jpg","width":640,"height":482},{"@type":"BreadcrumbList","@id":"https:\/\/javiervanvelthoven.com\/fr\/index.php\/biographie\/#breadcrumb","itemListElement":[{"@type":"ListItem","position":1,"name":"Portada","item":"https:\/\/javiervanvelthoven.com\/fr\/"},{"@type":"ListItem","position":2,"name":"Biographie"}]},{"@type":"WebSite","@id":"https:\/\/javiervanvelthoven.com\/fr\/#website","url":"https:\/\/javiervanvelthoven.com\/fr\/","name":"Javier Van Velthoven","description":"Guitarrista - Guitarist - Guitariste","publisher":{"@id":"https:\/\/javiervanvelthoven.com\/fr\/#organization"},"potentialAction":[{"@type":"SearchAction","target":{"@type":"EntryPoint","urlTemplate":"https:\/\/javiervanvelthoven.com\/fr\/?s={search_term_string}"},"query-input":{"@type":"PropertyValueSpecification","valueRequired":true,"valueName":"search_term_string"}}],"inLanguage":"fr-FR"},{"@type":"Organization","@id":"https:\/\/javiervanvelthoven.com\/fr\/#organization","name":"Classical Guitar Concerts","url":"https:\/\/javiervanvelthoven.com\/fr\/","logo":{"@type":"ImageObject","inLanguage":"fr-FR","@id":"https:\/\/javiervanvelthoven.com\/fr\/#\/schema\/logo\/image\/","url":"http:\/\/javiervanvelthoven.com\/fr\/wp-content\/uploads\/2021\/11\/Logo-Classical-Guitar-Concerts.jpg","contentUrl":"http:\/\/javiervanvelthoven.com\/fr\/wp-content\/uploads\/2021\/11\/Logo-Classical-Guitar-Concerts.jpg","width":500,"height":302,"caption":"Classical Guitar Concerts"},"image":{"@id":"https:\/\/javiervanvelthoven.com\/fr\/#\/schema\/logo\/image\/"},"sameAs":["https:\/\/www.facebook.com\/guitarconcerts","https:\/\/x.com\/jvanvelthoven","https:\/\/www.instagram.com\/javier_van_velthoven\/?hl=es","https:\/\/www.linkedin.com\/in\/javier-van-velthoven-169bb581\/","https:\/\/www.youtube.com\/user\/Javiervanvel"]}]}},"_links":{"self":[{"href":"https:\/\/javiervanvelthoven.com\/fr\/index.php\/wp-json\/wp\/v2\/pages\/16"}],"collection":[{"href":"https:\/\/javiervanvelthoven.com\/fr\/index.php\/wp-json\/wp\/v2\/pages"}],"about":[{"href":"https:\/\/javiervanvelthoven.com\/fr\/index.php\/wp-json\/wp\/v2\/types\/page"}],"author":[{"embeddable":true,"href":"https:\/\/javiervanvelthoven.com\/fr\/index.php\/wp-json\/wp\/v2\/users\/1"}],"replies":[{"embeddable":true,"href":"https:\/\/javiervanvelthoven.com\/fr\/index.php\/wp-json\/wp\/v2\/comments?post=16"}],"version-history":[{"count":2,"href":"https:\/\/javiervanvelthoven.com\/fr\/index.php\/wp-json\/wp\/v2\/pages\/16\/revisions"}],"predecessor-version":[{"id":81,"href":"https:\/\/javiervanvelthoven.com\/fr\/index.php\/wp-json\/wp\/v2\/pages\/16\/revisions\/81"}],"wp:attachment":[{"href":"https:\/\/javiervanvelthoven.com\/fr\/index.php\/wp-json\/wp\/v2\/media?parent=16"}],"curies":[{"name":"wp","href":"https:\/\/api.w.org\/{rel}","templated":true}]}}