{"id":31,"date":"2020-10-05T11:11:20","date_gmt":"2020-10-05T09:11:20","guid":{"rendered":"http:\/\/javiervanvelthoven.com\/en\/?page_id=31"},"modified":"2024-09-13T12:40:16","modified_gmt":"2024-09-13T10:40:16","slug":"discography","status":"publish","type":"page","link":"https:\/\/javiervanvelthoven.com\/en\/index.php\/discography\/","title":{"rendered":"Discography"},"content":{"rendered":"\n<div class=\"wp-block-columns is-layout-flex wp-container-core-columns-is-layout-1 wp-block-columns-is-layout-flex\">\n<div class=\"wp-block-column is-layout-flow wp-block-column-is-layout-flow\">\n<figure class=\"wp-block-image size-large\"><img loading=\"lazy\" decoding=\"async\" width=\"851\" height=\"1024\" src=\"https:\/\/javiervanvelthoven.com\/en\/wp-content\/uploads\/2021\/06\/Foto-vihuela-Javier-6-851x1024.jpg\" alt=\"\" class=\"wp-image-73\" srcset=\"https:\/\/javiervanvelthoven.com\/en\/wp-content\/uploads\/2021\/06\/Foto-vihuela-Javier-6-851x1024.jpg 851w, https:\/\/javiervanvelthoven.com\/en\/wp-content\/uploads\/2021\/06\/Foto-vihuela-Javier-6-249x300.jpg 249w, https:\/\/javiervanvelthoven.com\/en\/wp-content\/uploads\/2021\/06\/Foto-vihuela-Javier-6-768x924.jpg 768w, https:\/\/javiervanvelthoven.com\/en\/wp-content\/uploads\/2021\/06\/Foto-vihuela-Javier-6-1277x1536.jpg 1277w, https:\/\/javiervanvelthoven.com\/en\/wp-content\/uploads\/2021\/06\/Foto-vihuela-Javier-6.jpg 1301w\" sizes=\"(max-width: 767px) 89vw, (max-width: 1000px) 54vw, (max-width: 1071px) 543px, 580px\" \/><\/figure>\n<\/div>\n\n\n\n<div class=\"wp-block-column is-layout-flow wp-block-column-is-layout-flow\">\n<p><strong><em>As a soloist:<\/em><\/strong><\/p>\n\n\n\n<p><strong><em>2024<\/em><\/strong><\/p>\n\n\n\n<p><strong>&#8211; Lascia Ch&#8217;io Pianga<\/strong> (Digital edition &#8211; Single) 10\/18\/2024<\/p>\n\n\n\n<p><strong>&#8211; Sur<\/strong> (Digital edition &#8211; Single) 10\/04\/2024<\/p>\n\n\n\n<p><strong>&#8211; Vals Venezolano No. 2 (Andre\u00edna)<\/strong> (Digital edition &#8211; Single) 09\/20\/2024<\/p>\n\n\n\n<p><strong>&#8211; Unchained Melody<\/strong> (Digital edition &#8211; Single) 09\/06\/2024<\/p>\n\n\n\n<p><strong>&#8211; Can&#8217;t Help Falling in Love<\/strong> (Digital edition &#8211; Single) 07\/26\/2024<\/p>\n\n\n\n<p>&#8211; <strong>Maria, Mar\u00ec<\/strong> (Digital edition &#8211; Single) 06\/28\/2024<\/p>\n\n\n\n<p><strong><em>2023<\/em><\/strong><\/p>\n\n\n\n<p><strong>&#8211; Silent Night<\/strong> (Digital edition &#8211; Single) 12\/08\/2023<\/p>\n\n\n\n<p><strong>&#8211; Menuet, Op. 276, No. 19<\/strong> (Digital edition &#8211; Single) 04\/07\/2023<\/p>\n\n\n\n<p><strong>&#8211; Six Divertissements, Op. 2: No. 3, Andantino<\/strong> (Digital edition &#8211; Single) 03\/24\/2023<\/p>\n\n\n\n<p><strong>&#8211; Balada para Mart\u00edn Fierro<\/strong> (Digital edition &#8211; Single) 03\/10\/2023<\/p>\n\n\n\n<p><strong>&#8211;  Sons de Carrilh\u00f5es<\/strong> (Digital edition &#8211; Single) 02\/24\/2023<\/p>\n\n\n\n<p><strong>&#8211; Santa Luc\u00eda<\/strong> (Digital edition &#8211; Single) 02\/10\/2023<\/p>\n\n\n\n<p><strong>&#8211; Isabel<\/strong> (Digital edition &#8211; Single) 01\/13\/2023<\/p>\n\n\n\n<p><strong><em>2022<\/em><\/strong><\/p>\n\n\n\n<p><strong>&#8211; Fenesta Che Lucive<\/strong> (Digital edition &#8211; Single) 12\/30\/2022<\/p>\n\n\n\n<p>&#8211; <strong>Mazurka &#8220;Sue\u00f1o&#8221;<\/strong> (Digital edition &#8211; Single) 12\/16\/2022<\/p>\n\n\n\n<p>&#8211; <strong>Natalia<\/strong> (Digital edition &#8211; Single) 12\/02\/2022<\/p>\n\n\n\n<p><strong>&#8211; Coimbra<\/strong> (Digital edition &#8211; Single) 11\/17\/2022<\/p>\n\n\n\n<p><strong>&#8211; Pavana<\/strong> (Digital edition &#8211; Single) 11\/03\/2022<\/p>\n\n\n\n<p><strong>&#8211; My Way<\/strong> (Digital edition &#8211; Single) 10\/20\/2022<\/p>\n\n\n\n<p><strong>&#8211; Tears in Heaven<\/strong> (Digital edition &#8211; Single) 10\/06\/2022<\/p>\n\n\n\n<p><strong>&#8211; Quiz\u00e1s, Quiz\u00e1s, Quiz\u00e1s<\/strong> (Digital edition &#8211; Single) 09\/22\/2022<\/p>\n\n\n\n<p><strong>&#8211; Mazurka en Sol<\/strong> (Digital edition &#8211; Single) 09\/08\/2022<\/p>\n\n\n\n<p><strong>&#8211; La Partida<\/strong> (Digital edition &#8211; Single) 08\/26\/2022<\/p>\n\n\n\n<p><strong>&#8211; Torna a Surriento<\/strong> (Digital edition &#8211; Single) 08\/12\/2022<\/p>\n\n\n\n<p><strong>&#8211; Jo\u00e3o de Barro<\/strong> (Digital edition &#8211; Single) 07\/29\/2022<\/p>\n\n\n\n<p><strong>&#8211; Prelude BWV 999<\/strong> (Digital  edition &#8211; Single) 07\/15\/2022<\/p>\n\n\n\n<p><strong>&#8211; Mi Favorita<\/strong> (Digital edition &#8211; Single) 07\/01\/2022<\/p>\n\n\n\n<p><strong>&#8211; B\u00e9same Mucho<\/strong> (Digital edition &#8211; Single) 06\/17\/2022<\/p>\n\n\n\n<p>&#8211; <strong><em>Sue\u00f1o, Op. 1, Nro. 1<\/em><\/strong> (Digital edition &#8211; Single) 05\/20\/2022<\/p>\n\n\n\n<p>&#8211;<strong> Un D\u00eda de Noviembre<\/strong> (Digital edition &#8211; Single) 05\/06\/2022<\/p>\n\n\n\n<p>&#8211; <strong>Lisboa Antigua<\/strong> (Digital edition &#8211; Single) 04\/22\/2022 <\/p>\n\n\n\n<p>&#8211; <strong>F\u00fcr Elise<\/strong> (Digital edition &#8211; Single) 04\/07\/2022<\/p>\n\n\n\n<p>&#8211; <strong>Carmen<\/strong> (Digital edition &#8211; Single) 02\/17\/2022<\/p>\n\n\n\n<p><strong>&#8211; Spanish Guitar Dreams<\/strong> (Digital edition &#8211; Single) 02\/03\/2022<\/p>\n\n\n\n<p><strong>&#8211; Calm Guitar<\/strong> (Digital edition &#8211; Single) 01\/20\/2022<\/p>\n\n\n\n<p><strong><em>2021<\/em><\/strong><\/p>\n\n\n\n<p><strong>&#8211; Preludio americano n\u00ba 5 (Tamboriles) <\/strong>(Digital edition &#8211; Single) 12\/09\/2021<\/p>\n\n\n\n<p>&#8211; <strong>Mar\u00eda (Tango)<\/strong> (Digital edition &#8211; Single) 11\/18\/2021<\/p>\n\n\n\n<p>&#8211; <strong>I Have a Dream<\/strong> (Digital edition &#8211; Single) 11\/04\/2021<\/p>\n\n\n\n<p>&#8211; <strong>Adelita<\/strong> (Digital edition &#8211; Single) 10\/21\/2021<\/p>\n\n\n\n<p>&#8211; <strong>Estudio en Si menor, Op. 35 N\u00ba 22 &#8220;La Gota de Agua&#8221;<\/strong> (Digital edition &#8211; Single) 10\/07\/2021<\/p>\n\n\n\n<p>&#8211; <strong>L\u00e1grima<\/strong> (Digital edition &#8211; Single) 09\/23\/2021<\/p>\n\n\n\n<p>&#8211; <strong>Schwanengesang, D. 957: IV. St\u00e4ndchen &#8220;Serenade&#8221;<\/strong> (Digital edition &#8211; Single) 09\/02\/2021<\/p>\n\n\n\n<p> &#8211; <strong>Theme from Love Story<\/strong> (Digital edition &#8211; Single) 08\/23\/2021<\/p>\n\n\n\n<p>&#8211; <strong>Les Moulins de Mon<\/strong> <strong><strong>C\u0153ur<\/strong><\/strong> (Digital edition &#8211;  Single) 08\/12\/2021<\/p>\n\n\n\n<p>&#8211; <strong>Les Parapluies de Cherbourg<\/strong> (Digital edition &#8211; Single 08\/02\/2021<\/p>\n\n\n\n<p>&#8211; <strong>La Paloma<\/strong> (Digital edition &#8211; Single) 07\/22\/2021<\/p>\n\n\n\n<p>&#8211;&nbsp;<strong>\u2018O sole mio<\/strong>&nbsp;(Digital edition \u2013 Single) \u2013 07\/08\/2021<\/p>\n\n\n\n<p>\u2013 <strong>Ma\u00f1ana de carnaval<\/strong> (Digital edition \u2013 Single) \u2013 06\/18\/2021<\/p>\n\n\n\n<p><strong><em>2015<\/em><\/strong><\/p>\n\n\n\n<p>\u2013 <strong>Vihuela and Guitar Recital<\/strong> (Digital edition) \u2013 11\/23\/2015<\/p>\n\n\n\n<p>\u2013 <strong>Vihuela and Guitar Recital<\/strong> \u2013 T 1530-2015 \u2013 SGAE \u2013 CGC 002, Spain, 2015<\/p>\n\n\n\n<p><strong><em>2014<\/em><\/strong><\/p>\n\n\n\n<p>\u2013 <strong>Classical Guitar<\/strong> (Digital edition) \u2013 09\/21\/2014<\/p>\n\n\n\n<p><strong><em>2008<\/em><\/strong><\/p>\n\n\n\n<p>\u2013 <strong>Recopilaci\u00f3n Javier Van Velthoven<\/strong> \u2013 Glissando \u2013 Producci\u00f3n JFV CD3, Spain \u2013 2008<\/p>\n\n\n\n<p><strong><em>2001<\/em><\/strong><\/p>\n\n\n\n<p>\u2013 <strong>Javier Van Velthoven<\/strong> \u2013 B 32426-01 \u2013 SGAE \u2013 EI 346 CD \u2013 Gemecs, Spain \u2013 2001<\/p>\n\n\n\n<p><strong><em>1994<\/em><\/strong><\/p>\n\n\n\n<p>\u2013 <strong>Javier Van Velthoven<\/strong> \u2013 B 18479-94 \u2013 SGAE \u2013 EI 125 CD \u2013 Gemecs, Spain \u2013 1994<\/p>\n\n\n\n<p>\u2013 <strong>Javier Van Velthoven<\/strong> \u2013 B 18480\/94 \u2013 SGAE \u2013 EI 126 \u2013 Gemecs, Spain \u2013 1994<\/p>\n\n\n\n<p>\u2013 <strong>Javier Van Velthoven<\/strong> \u2013 B 18481\/94 \u2013 SGAE \u2013 EI 127 \u2013 Gemecs, Spain \u2013 1994<\/p>\n\n\n\n<p><strong><em>1992<\/em><\/strong><\/p>\n\n\n\n<p>\u2013 <strong>Javier Van Velthoven<\/strong> \u2013 B 29814\/92 \u2013 SGAE \u2013 EI 085 \u2013 Gemecs, Spain \u2013 1992<\/p>\n\n\n\n<p><strong><em>Collaborations:<\/em><\/strong><\/p>\n\n\n\n<p><strong><em>2021<\/em><\/strong><\/p>\n\n\n\n<p>\u2013 <strong>Guitarra &amp; Poes\u00eda, Tiempo y Vida<\/strong> (Digital edition) \u2013 02\/15\/2021<\/p>\n\n\n\n<p>\u2013 <strong>El latido de la copla<\/strong> (Digital edition) \u2013 03\/02\/2021<\/p>\n\n\n\n<p><strong><em>2015<\/em><\/strong><\/p>\n\n\n\n<p>\u2013 <strong>Spanish guitar by D\u00fao Aranjuez<\/strong> (Digital edition) \u2013 08\/02\/2015<\/p>\n\n\n\n<p>\u2013 <strong>Spanish Guitar<\/strong> (D\u00fao Aranjuez) \u2013 T 909-2015 \u2013 SGAE \u2013 CGC 001, Spain \u2013 2015<\/p>\n\n\n\n<p><strong><em>2014<\/em><\/strong><\/p>\n\n\n\n<p>\u2013 <strong>Tiempo y vida<\/strong> (con Gerardo Molina) \u2013 AGADU \u2013 5795-2, Uruguay \u2013 2014<\/p>\n\n\n\n<p><strong><em>2002<\/em><\/strong><\/p>\n\n\n\n<p>\u2013 <strong>El latido de la copla<\/strong> (con Gerardo Molina) \u2013 AGADU \u2013 2721-2, Uruguay \u2013 2002<\/p>\n\n\n\n<p><strong><em>1999<\/em><\/strong><\/p>\n\n\n\n<p>\u2013 Gerardo Molina \u2013 <strong>Poemas y canciones<\/strong> \u2013 AGADU \u2013 GCW 002, Uruguay \u2013 1999<\/p>\n\n\n\n<p><strong><em>1990<\/em><\/strong><\/p>\n\n\n\n<p>\u2013 <strong>Los del Camino y Gerardo Molina<\/strong> \u2013 AGADU \u2013 GMW, Uruguay 1990<\/p>\n\n\n\n<p><strong><em>1987<\/em><\/strong><\/p>\n\n\n\n<p>\u2013 <strong>Para mi coraz\u00f3n<\/strong> \u2013 Carlos Alfredo M\u00e9ndez \u2013 AGADU \u2013 Sondor , Uruguay \u2013 1987<\/p>\n<\/div>\n<\/div>\n","protected":false},"excerpt":{"rendered":"<p>As a soloist: 2024 &#8211; Lascia Ch&#8217;io Pianga (Digital edition &#8211; Single) 10\/18\/2024 &#8211; Sur (Digital edition &#8211; Single) 10\/04\/2024 &#8211; Vals Venezolano No. 2 (Andre\u00edna) (Digital edition &#8211; Single) 09\/20\/2024 &#8211; Unchained Melody (Digital edition &#8211; Single) 09\/06\/2024 &#8211; Can&#8217;t Help Falling in Love (Digital edition &#8211; Single) 07\/26\/2024 &#8211; Maria, Mar\u00ec (Digital edition &hellip; <\/p>\n<p class=\"link-more\"><a href=\"https:\/\/javiervanvelthoven.com\/en\/index.php\/discography\/\" class=\"more-link\">Continue reading<span class=\"screen-reader-text\"> &#8220;Discography&#8221;<\/span><\/a><\/p>\n","protected":false},"author":1,"featured_media":0,"parent":0,"menu_order":3,"comment_status":"closed","ping_status":"closed","template":"","meta":{"footnotes":""},"class_list":["post-31","page","type-page","status-publish","hentry"],"yoast_head":"<!-- This site is optimized with the Yoast SEO plugin v23.8 - https:\/\/yoast.com\/wordpress\/plugins\/seo\/ -->\n<title>Discography - Javier Van Velthoven<\/title>\n<meta name=\"description\" content=\"Discography by the guitarist Javier Van Velthoven. As a soloist and accompanying other artists. Classical and popular music.\" \/>\n<meta name=\"robots\" content=\"index, follow, max-snippet:-1, max-image-preview:large, max-video-preview:-1\" \/>\n<link rel=\"canonical\" href=\"https:\/\/javiervanvelthoven.com\/en\/index.php\/discography\/\" \/>\n<meta property=\"og:locale\" content=\"en_US\" \/>\n<meta property=\"og:type\" content=\"article\" \/>\n<meta property=\"og:title\" content=\"Discography - Javier Van Velthoven\" \/>\n<meta property=\"og:description\" content=\"Discography by the guitarist Javier Van Velthoven. As a soloist and accompanying other artists. Classical and popular music.\" \/>\n<meta property=\"og:url\" content=\"https:\/\/javiervanvelthoven.com\/en\/index.php\/discography\/\" \/>\n<meta property=\"og:site_name\" content=\"Javier Van Velthoven\" \/>\n<meta property=\"article:publisher\" content=\"https:\/\/www.facebook.com\/guitarconcerts\" \/>\n<meta property=\"article:modified_time\" content=\"2024-09-13T10:40:16+00:00\" \/>\n<meta property=\"og:image\" content=\"http:\/\/javiervanvelthoven.com\/en\/wp-content\/uploads\/2021\/06\/Foto-vihuela-Javier-6-851x1024.jpg\" \/>\n<meta name=\"twitter:card\" content=\"summary_large_image\" \/>\n<meta name=\"twitter:site\" content=\"@jvanvelthoven\" \/>\n<meta name=\"twitter:label1\" content=\"Est. reading time\" \/>\n\t<meta name=\"twitter:data1\" content=\"2 minutes\" \/>\n<script type=\"application\/ld+json\" class=\"yoast-schema-graph\">{\"@context\":\"https:\/\/schema.org\",\"@graph\":[{\"@type\":\"WebPage\",\"@id\":\"https:\/\/javiervanvelthoven.com\/en\/index.php\/discography\/\",\"url\":\"https:\/\/javiervanvelthoven.com\/en\/index.php\/discography\/\",\"name\":\"Discography - Javier Van Velthoven\",\"isPartOf\":{\"@id\":\"https:\/\/javiervanvelthoven.com\/en\/#website\"},\"primaryImageOfPage\":{\"@id\":\"https:\/\/javiervanvelthoven.com\/en\/index.php\/discography\/#primaryimage\"},\"image\":{\"@id\":\"https:\/\/javiervanvelthoven.com\/en\/index.php\/discography\/#primaryimage\"},\"thumbnailUrl\":\"http:\/\/javiervanvelthoven.com\/en\/wp-content\/uploads\/2021\/06\/Foto-vihuela-Javier-6-851x1024.jpg\",\"datePublished\":\"2020-10-05T09:11:20+00:00\",\"dateModified\":\"2024-09-13T10:40:16+00:00\",\"description\":\"Discography by the guitarist Javier Van Velthoven. As a soloist and accompanying other artists. Classical and popular music.\",\"breadcrumb\":{\"@id\":\"https:\/\/javiervanvelthoven.com\/en\/index.php\/discography\/#breadcrumb\"},\"inLanguage\":\"en-US\",\"potentialAction\":[{\"@type\":\"ReadAction\",\"target\":[\"https:\/\/javiervanvelthoven.com\/en\/index.php\/discography\/\"]}]},{\"@type\":\"ImageObject\",\"inLanguage\":\"en-US\",\"@id\":\"https:\/\/javiervanvelthoven.com\/en\/index.php\/discography\/#primaryimage\",\"url\":\"https:\/\/javiervanvelthoven.com\/en\/wp-content\/uploads\/2021\/06\/Foto-vihuela-Javier-6.jpg\",\"contentUrl\":\"https:\/\/javiervanvelthoven.com\/en\/wp-content\/uploads\/2021\/06\/Foto-vihuela-Javier-6.jpg\",\"width\":1301,\"height\":1565},{\"@type\":\"BreadcrumbList\",\"@id\":\"https:\/\/javiervanvelthoven.com\/en\/index.php\/discography\/#breadcrumb\",\"itemListElement\":[{\"@type\":\"ListItem\",\"position\":1,\"name\":\"Portada\",\"item\":\"https:\/\/javiervanvelthoven.com\/en\/\"},{\"@type\":\"ListItem\",\"position\":2,\"name\":\"Discography\"}]},{\"@type\":\"WebSite\",\"@id\":\"https:\/\/javiervanvelthoven.com\/en\/#website\",\"url\":\"https:\/\/javiervanvelthoven.com\/en\/\",\"name\":\"Javier Van Velthoven\",\"description\":\"Guitarrista - Guitarist - Guitariste\",\"publisher\":{\"@id\":\"https:\/\/javiervanvelthoven.com\/en\/#organization\"},\"potentialAction\":[{\"@type\":\"SearchAction\",\"target\":{\"@type\":\"EntryPoint\",\"urlTemplate\":\"https:\/\/javiervanvelthoven.com\/en\/?s={search_term_string}\"},\"query-input\":{\"@type\":\"PropertyValueSpecification\",\"valueRequired\":true,\"valueName\":\"search_term_string\"}}],\"inLanguage\":\"en-US\"},{\"@type\":\"Organization\",\"@id\":\"https:\/\/javiervanvelthoven.com\/en\/#organization\",\"name\":\"Classical Guitar Concerts\",\"url\":\"https:\/\/javiervanvelthoven.com\/en\/\",\"logo\":{\"@type\":\"ImageObject\",\"inLanguage\":\"en-US\",\"@id\":\"https:\/\/javiervanvelthoven.com\/en\/#\/schema\/logo\/image\/\",\"url\":\"http:\/\/javiervanvelthoven.com\/en\/wp-content\/uploads\/2021\/11\/Logo-Classical-Guitar-Concerts.jpg\",\"contentUrl\":\"http:\/\/javiervanvelthoven.com\/en\/wp-content\/uploads\/2021\/11\/Logo-Classical-Guitar-Concerts.jpg\",\"width\":500,\"height\":302,\"caption\":\"Classical Guitar Concerts\"},\"image\":{\"@id\":\"https:\/\/javiervanvelthoven.com\/en\/#\/schema\/logo\/image\/\"},\"sameAs\":[\"https:\/\/www.facebook.com\/guitarconcerts\",\"https:\/\/x.com\/jvanvelthoven\",\"https:\/\/www.instagram.com\/javier_van_velthoven\/?hl=es\",\"https:\/\/www.linkedin.com\/in\/javier-van-velthoven-169bb581\/\",\"https:\/\/www.youtube.com\/user\/Javiervanvel\"]}]}<\/script>\n<!-- \/ Yoast SEO plugin. -->","yoast_head_json":{"title":"Discography - Javier Van Velthoven","description":"Discography by the guitarist Javier Van Velthoven. As a soloist and accompanying other artists. Classical and popular music.","robots":{"index":"index","follow":"follow","max-snippet":"max-snippet:-1","max-image-preview":"max-image-preview:large","max-video-preview":"max-video-preview:-1"},"canonical":"https:\/\/javiervanvelthoven.com\/en\/index.php\/discography\/","og_locale":"en_US","og_type":"article","og_title":"Discography - Javier Van Velthoven","og_description":"Discography by the guitarist Javier Van Velthoven. As a soloist and accompanying other artists. Classical and popular music.","og_url":"https:\/\/javiervanvelthoven.com\/en\/index.php\/discography\/","og_site_name":"Javier Van Velthoven","article_publisher":"https:\/\/www.facebook.com\/guitarconcerts","article_modified_time":"2024-09-13T10:40:16+00:00","og_image":[{"url":"http:\/\/javiervanvelthoven.com\/en\/wp-content\/uploads\/2021\/06\/Foto-vihuela-Javier-6-851x1024.jpg"}],"twitter_card":"summary_large_image","twitter_site":"@jvanvelthoven","twitter_misc":{"Est. reading time":"2 minutes"},"schema":{"@context":"https:\/\/schema.org","@graph":[{"@type":"WebPage","@id":"https:\/\/javiervanvelthoven.com\/en\/index.php\/discography\/","url":"https:\/\/javiervanvelthoven.com\/en\/index.php\/discography\/","name":"Discography - Javier Van Velthoven","isPartOf":{"@id":"https:\/\/javiervanvelthoven.com\/en\/#website"},"primaryImageOfPage":{"@id":"https:\/\/javiervanvelthoven.com\/en\/index.php\/discography\/#primaryimage"},"image":{"@id":"https:\/\/javiervanvelthoven.com\/en\/index.php\/discography\/#primaryimage"},"thumbnailUrl":"http:\/\/javiervanvelthoven.com\/en\/wp-content\/uploads\/2021\/06\/Foto-vihuela-Javier-6-851x1024.jpg","datePublished":"2020-10-05T09:11:20+00:00","dateModified":"2024-09-13T10:40:16+00:00","description":"Discography by the guitarist Javier Van Velthoven. As a soloist and accompanying other artists. Classical and popular music.","breadcrumb":{"@id":"https:\/\/javiervanvelthoven.com\/en\/index.php\/discography\/#breadcrumb"},"inLanguage":"en-US","potentialAction":[{"@type":"ReadAction","target":["https:\/\/javiervanvelthoven.com\/en\/index.php\/discography\/"]}]},{"@type":"ImageObject","inLanguage":"en-US","@id":"https:\/\/javiervanvelthoven.com\/en\/index.php\/discography\/#primaryimage","url":"https:\/\/javiervanvelthoven.com\/en\/wp-content\/uploads\/2021\/06\/Foto-vihuela-Javier-6.jpg","contentUrl":"https:\/\/javiervanvelthoven.com\/en\/wp-content\/uploads\/2021\/06\/Foto-vihuela-Javier-6.jpg","width":1301,"height":1565},{"@type":"BreadcrumbList","@id":"https:\/\/javiervanvelthoven.com\/en\/index.php\/discography\/#breadcrumb","itemListElement":[{"@type":"ListItem","position":1,"name":"Portada","item":"https:\/\/javiervanvelthoven.com\/en\/"},{"@type":"ListItem","position":2,"name":"Discography"}]},{"@type":"WebSite","@id":"https:\/\/javiervanvelthoven.com\/en\/#website","url":"https:\/\/javiervanvelthoven.com\/en\/","name":"Javier Van Velthoven","description":"Guitarrista - Guitarist - Guitariste","publisher":{"@id":"https:\/\/javiervanvelthoven.com\/en\/#organization"},"potentialAction":[{"@type":"SearchAction","target":{"@type":"EntryPoint","urlTemplate":"https:\/\/javiervanvelthoven.com\/en\/?s={search_term_string}"},"query-input":{"@type":"PropertyValueSpecification","valueRequired":true,"valueName":"search_term_string"}}],"inLanguage":"en-US"},{"@type":"Organization","@id":"https:\/\/javiervanvelthoven.com\/en\/#organization","name":"Classical Guitar Concerts","url":"https:\/\/javiervanvelthoven.com\/en\/","logo":{"@type":"ImageObject","inLanguage":"en-US","@id":"https:\/\/javiervanvelthoven.com\/en\/#\/schema\/logo\/image\/","url":"http:\/\/javiervanvelthoven.com\/en\/wp-content\/uploads\/2021\/11\/Logo-Classical-Guitar-Concerts.jpg","contentUrl":"http:\/\/javiervanvelthoven.com\/en\/wp-content\/uploads\/2021\/11\/Logo-Classical-Guitar-Concerts.jpg","width":500,"height":302,"caption":"Classical Guitar Concerts"},"image":{"@id":"https:\/\/javiervanvelthoven.com\/en\/#\/schema\/logo\/image\/"},"sameAs":["https:\/\/www.facebook.com\/guitarconcerts","https:\/\/x.com\/jvanvelthoven","https:\/\/www.instagram.com\/javier_van_velthoven\/?hl=es","https:\/\/www.linkedin.com\/in\/javier-van-velthoven-169bb581\/","https:\/\/www.youtube.com\/user\/Javiervanvel"]}]}},"_links":{"self":[{"href":"https:\/\/javiervanvelthoven.com\/en\/index.php\/wp-json\/wp\/v2\/pages\/31"}],"collection":[{"href":"https:\/\/javiervanvelthoven.com\/en\/index.php\/wp-json\/wp\/v2\/pages"}],"about":[{"href":"https:\/\/javiervanvelthoven.com\/en\/index.php\/wp-json\/wp\/v2\/types\/page"}],"author":[{"embeddable":true,"href":"https:\/\/javiervanvelthoven.com\/en\/index.php\/wp-json\/wp\/v2\/users\/1"}],"replies":[{"embeddable":true,"href":"https:\/\/javiervanvelthoven.com\/en\/index.php\/wp-json\/wp\/v2\/comments?post=31"}],"version-history":[{"count":42,"href":"https:\/\/javiervanvelthoven.com\/en\/index.php\/wp-json\/wp\/v2\/pages\/31\/revisions"}],"predecessor-version":[{"id":395,"href":"https:\/\/javiervanvelthoven.com\/en\/index.php\/wp-json\/wp\/v2\/pages\/31\/revisions\/395"}],"wp:attachment":[{"href":"https:\/\/javiervanvelthoven.com\/en\/index.php\/wp-json\/wp\/v2\/media?parent=31"}],"curies":[{"name":"wp","href":"https:\/\/api.w.org\/{rel}","templated":true}]}}