{"id":29,"date":"2020-10-05T11:10:14","date_gmt":"2020-10-05T09:10:14","guid":{"rendered":"http:\/\/javiervanvelthoven.com\/en\/?page_id=29"},"modified":"2021-12-23T13:41:04","modified_gmt":"2021-12-23T12:41:04","slug":"biography","status":"publish","type":"page","link":"https:\/\/javiervanvelthoven.com\/en\/index.php\/biography\/","title":{"rendered":"Biography"},"content":{"rendered":"\n<div class=\"wp-block-columns is-layout-flex wp-container-core-columns-is-layout-1 wp-block-columns-is-layout-flex\">\n<div class=\"wp-block-column is-layout-flow wp-block-column-is-layout-flow\">\n<figure class=\"wp-block-image size-large\"><img loading=\"lazy\" decoding=\"async\" width=\"640\" height=\"482\" src=\"https:\/\/javiervanvelthoven.com\/en\/wp-content\/uploads\/2021\/06\/Foto_biografia.jpg\" alt=\"\" class=\"wp-image-68\" srcset=\"https:\/\/javiervanvelthoven.com\/en\/wp-content\/uploads\/2021\/06\/Foto_biografia.jpg 640w, https:\/\/javiervanvelthoven.com\/en\/wp-content\/uploads\/2021\/06\/Foto_biografia-300x226.jpg 300w\" sizes=\"(max-width: 640px) 100vw, 640px\" \/><\/figure>\n<\/div>\n\n\n\n<div class=\"wp-block-column is-layout-flow wp-block-column-is-layout-flow\">\n<p>Born in Los Cerrillos (Uruguay). Belgian citizen residing in Catalonia since 1992. He began studies of guitar and music theory in 1973 at the \u201cBeethoven Musical Conservatory\u201d in Montevideo (Uruguay) with the teacher Blanca Silva y Armas, continuing in 1981 with the teacher Daniel Berrueta at said conservatory.<\/p>\n\n\n\n<p>Between 1983 and 1992 he studied at the &#8220;Escuela Universitaria de M\u00fasica de Montevideo&#8221; under the direction of teachers Atilio Rapat, Krishna Salinas, Eduardo Fern\u00e1ndez and Ramiro Agriel, obtaining a degree in Guitar. During these years he also studied Composition at this School.<\/p>\n\n\n\n<p>Later, in Barcelona (Spain &#8211; 1993) he graduated as Senior Guitar Teacher.<\/p>\n\n\n\n<p>He obtained in 1995 the Certificate of Pedagogical Aptitude at the Polytechnic University of Catalonia.<\/p>\n\n\n\n<p>Training courses:<\/p>\n\n\n\n<p>&#8211; International Guitar Seminar in Los Cocos (C\u00f3rdoba &#8211; Argentina) in 1987, studying with the teachers Mar\u00eda Isabel Siewers and \u00d3scar Ohlsen.<\/p>\n\n\n\n<p>&#8211; Course with Betho Davezac at the Montevideo University School of Music in 1987.<\/p>\n\n\n\n<p>&#8211; Obtains a scholarship by competition to participate as an active student in the XV international guitar seminar held at the &#8220;Faculty of Palestinian Music of Porto Alegre&#8221; (Brazil &#8211; 1988), studying with teachers Horacio Ceballos, Miguel \u00c1ngel Girolet and Eduardo Isaac.<\/p>\n\n\n\n<p>&#8211; Obtains a scholarship from the Montevideo Music Students Association (Aemus) by competition in 1988.<\/p>\n\n\n\n<p>&#8211; Win by competition a scholarship to participate in the &#8220;I International Guitar seminar of Montevideo&#8221; taking classes with Alvaro Pierri in 1990.<\/p>\n\n\n\n<p>&#8211; Between 1994 and 1995 he participated in courses carried out by the Luthier School of Barcelona, \u200b\u200btaking classes as an active student with Jos\u00e9 Tom\u00e1s and as a listener with David Russel. He attends the course given by Eduardo Fal\u00fa at the Eulogio D\u00e1valos Musical Studio in Barcelona.<\/p>\n\n\n\n<p>&#8211; In 1998 he attends as a listener the course given by \u00c1lvaro Pierri at the Carrero School of Music in Barcelona.<\/p>\n\n\n\n<p>Awards:<\/p>\n\n\n\n<p>&#8211; Uruguay Guitar Center in 1987.<\/p>\n\n\n\n<p>&#8211; Juventudes Musicales del Uruguay in 1988.<\/p>\n\n\n\n<p>&#8211; First prize in the &#8220;Extraordinary Contest for Instrumentalists&#8221; sponsored by the Ministry of Education and Culture of Montevideo in 1988.<\/p>\n\n\n\n<p>&#8211; Art x art award in CD music: \u00abEl latido de la copla\u00bb by Gerardo Molina (Rosario, Argentina), June 2005.<\/p>\n\n\n\n<p>He has developed an intense activity as a teacher (in several Institutes of Secondary Education and Conservatories of Music) and as a soloist performing in different cities of Uruguay, Argentina, Brazil, Spain, France, Belgium; also traveling in the United States to perform in New York in 2009.<\/p>\n\n\n\n<p>In addition to performing as a soloist, he also frequently performs in chamber groups and singers, both with classical and popular repertoire, currently maintaining performances in concerts and events permanently.<\/p>\n\n\n\n<p>As a soloist he has recorded for the Gemecs label and independent productions, a varied repertoire ranging from the Renaissance to contemporary times.<\/p>\n\n\n\n<p>In 2015 he recorded with his own record label The CD \u00abSpanish Guitar\u00bb with the Aranjuez Duo (with Pablo Despeyroux) and the CD \u00abVihuela and Guitar Recital\u00bb as soloist, which was recorded at the Pau Casals Auditorium in San Salvador &#8211; El Vendrell &#8211; Spain.<\/p>\n\n\n\n<p>Several of the already physically released CDs and other more recent releases are now available in digital edition on all platforms.<\/p>\n\n\n\n<p>In addition to being a guitar and vihuela player, he also works as a composer, arranger and producer.<\/p>\n\n\n\n<p>He has collaborated on recordings with different popular music artists and with the poet Gerardo Molina (Uruguay) he shares two CDs, one of which (El latido de la copla) received the art x art award in CD music: El latido de la copla by Gerardo Molina (Rosario, Argentina) in June 2005.<\/p>\n\n\n\n<p>In his concerts he plays with a vihuela built by the luthier Jaume Bosser (Igualada &#8211; Barcelona &#8211; Spain) and a guitar built by the luthier Paco Mar\u00edn (Granada &#8211; Spain).<\/p>\n<\/div>\n<\/div>\n","protected":false},"excerpt":{"rendered":"<p>Born in Los Cerrillos (Uruguay). Belgian citizen residing in Catalonia since 1992. He began studies of guitar and music theory in 1973 at the \u201cBeethoven Musical Conservatory\u201d in Montevideo (Uruguay) with the teacher Blanca Silva y Armas, continuing in 1981 with the teacher Daniel Berrueta at said conservatory. Between 1983 and 1992 he studied at &hellip; <\/p>\n<p class=\"link-more\"><a href=\"https:\/\/javiervanvelthoven.com\/en\/index.php\/biography\/\" class=\"more-link\">Continue reading<span class=\"screen-reader-text\"> &#8220;Biography&#8221;<\/span><\/a><\/p>\n","protected":false},"author":1,"featured_media":0,"parent":0,"menu_order":2,"comment_status":"closed","ping_status":"closed","template":"","meta":{"footnotes":""},"class_list":["post-29","page","type-page","status-publish","hentry"],"yoast_head":"<!-- This site is optimized with the Yoast SEO plugin v23.8 - https:\/\/yoast.com\/wordpress\/plugins\/seo\/ -->\n<title>Biography - Javier Van Velthoven<\/title>\n<meta name=\"description\" content=\"Biography of guitarist Javier Van Velthoven\" \/>\n<meta name=\"robots\" content=\"index, follow, max-snippet:-1, max-image-preview:large, max-video-preview:-1\" \/>\n<link rel=\"canonical\" href=\"https:\/\/javiervanvelthoven.com\/en\/index.php\/biography\/\" \/>\n<meta property=\"og:locale\" content=\"en_US\" \/>\n<meta property=\"og:type\" content=\"article\" \/>\n<meta property=\"og:title\" content=\"Biography - Javier Van Velthoven\" \/>\n<meta property=\"og:description\" content=\"Biography of guitarist Javier Van Velthoven\" \/>\n<meta property=\"og:url\" content=\"https:\/\/javiervanvelthoven.com\/en\/index.php\/biography\/\" \/>\n<meta property=\"og:site_name\" content=\"Javier Van Velthoven\" \/>\n<meta property=\"article:publisher\" content=\"https:\/\/www.facebook.com\/guitarconcerts\" \/>\n<meta property=\"article:modified_time\" content=\"2021-12-23T12:41:04+00:00\" \/>\n<meta property=\"og:image\" content=\"http:\/\/javiervanvelthoven.com\/en\/wp-content\/uploads\/2021\/06\/Foto_biografia.jpg\" \/>\n<meta name=\"twitter:card\" content=\"summary_large_image\" \/>\n<meta name=\"twitter:site\" content=\"@jvanvelthoven\" \/>\n<meta name=\"twitter:label1\" content=\"Est. reading time\" \/>\n\t<meta name=\"twitter:data1\" content=\"3 minutes\" \/>\n<script type=\"application\/ld+json\" class=\"yoast-schema-graph\">{\"@context\":\"https:\/\/schema.org\",\"@graph\":[{\"@type\":\"WebPage\",\"@id\":\"https:\/\/javiervanvelthoven.com\/en\/index.php\/biography\/\",\"url\":\"https:\/\/javiervanvelthoven.com\/en\/index.php\/biography\/\",\"name\":\"Biography - Javier Van Velthoven\",\"isPartOf\":{\"@id\":\"https:\/\/javiervanvelthoven.com\/en\/#website\"},\"primaryImageOfPage\":{\"@id\":\"https:\/\/javiervanvelthoven.com\/en\/index.php\/biography\/#primaryimage\"},\"image\":{\"@id\":\"https:\/\/javiervanvelthoven.com\/en\/index.php\/biography\/#primaryimage\"},\"thumbnailUrl\":\"http:\/\/javiervanvelthoven.com\/en\/wp-content\/uploads\/2021\/06\/Foto_biografia.jpg\",\"datePublished\":\"2020-10-05T09:10:14+00:00\",\"dateModified\":\"2021-12-23T12:41:04+00:00\",\"description\":\"Biography of guitarist Javier Van Velthoven\",\"breadcrumb\":{\"@id\":\"https:\/\/javiervanvelthoven.com\/en\/index.php\/biography\/#breadcrumb\"},\"inLanguage\":\"en-US\",\"potentialAction\":[{\"@type\":\"ReadAction\",\"target\":[\"https:\/\/javiervanvelthoven.com\/en\/index.php\/biography\/\"]}]},{\"@type\":\"ImageObject\",\"inLanguage\":\"en-US\",\"@id\":\"https:\/\/javiervanvelthoven.com\/en\/index.php\/biography\/#primaryimage\",\"url\":\"https:\/\/javiervanvelthoven.com\/en\/wp-content\/uploads\/2021\/06\/Foto_biografia.jpg\",\"contentUrl\":\"https:\/\/javiervanvelthoven.com\/en\/wp-content\/uploads\/2021\/06\/Foto_biografia.jpg\",\"width\":640,\"height\":482},{\"@type\":\"BreadcrumbList\",\"@id\":\"https:\/\/javiervanvelthoven.com\/en\/index.php\/biography\/#breadcrumb\",\"itemListElement\":[{\"@type\":\"ListItem\",\"position\":1,\"name\":\"Portada\",\"item\":\"https:\/\/javiervanvelthoven.com\/en\/\"},{\"@type\":\"ListItem\",\"position\":2,\"name\":\"Biography\"}]},{\"@type\":\"WebSite\",\"@id\":\"https:\/\/javiervanvelthoven.com\/en\/#website\",\"url\":\"https:\/\/javiervanvelthoven.com\/en\/\",\"name\":\"Javier Van Velthoven\",\"description\":\"Guitarrista - Guitarist - Guitariste\",\"publisher\":{\"@id\":\"https:\/\/javiervanvelthoven.com\/en\/#organization\"},\"potentialAction\":[{\"@type\":\"SearchAction\",\"target\":{\"@type\":\"EntryPoint\",\"urlTemplate\":\"https:\/\/javiervanvelthoven.com\/en\/?s={search_term_string}\"},\"query-input\":{\"@type\":\"PropertyValueSpecification\",\"valueRequired\":true,\"valueName\":\"search_term_string\"}}],\"inLanguage\":\"en-US\"},{\"@type\":\"Organization\",\"@id\":\"https:\/\/javiervanvelthoven.com\/en\/#organization\",\"name\":\"Classical Guitar Concerts\",\"url\":\"https:\/\/javiervanvelthoven.com\/en\/\",\"logo\":{\"@type\":\"ImageObject\",\"inLanguage\":\"en-US\",\"@id\":\"https:\/\/javiervanvelthoven.com\/en\/#\/schema\/logo\/image\/\",\"url\":\"http:\/\/javiervanvelthoven.com\/en\/wp-content\/uploads\/2021\/11\/Logo-Classical-Guitar-Concerts.jpg\",\"contentUrl\":\"http:\/\/javiervanvelthoven.com\/en\/wp-content\/uploads\/2021\/11\/Logo-Classical-Guitar-Concerts.jpg\",\"width\":500,\"height\":302,\"caption\":\"Classical Guitar Concerts\"},\"image\":{\"@id\":\"https:\/\/javiervanvelthoven.com\/en\/#\/schema\/logo\/image\/\"},\"sameAs\":[\"https:\/\/www.facebook.com\/guitarconcerts\",\"https:\/\/x.com\/jvanvelthoven\",\"https:\/\/www.instagram.com\/javier_van_velthoven\/?hl=es\",\"https:\/\/www.linkedin.com\/in\/javier-van-velthoven-169bb581\/\",\"https:\/\/www.youtube.com\/user\/Javiervanvel\"]}]}<\/script>\n<!-- \/ Yoast SEO plugin. -->","yoast_head_json":{"title":"Biography - Javier Van Velthoven","description":"Biography of guitarist Javier Van Velthoven","robots":{"index":"index","follow":"follow","max-snippet":"max-snippet:-1","max-image-preview":"max-image-preview:large","max-video-preview":"max-video-preview:-1"},"canonical":"https:\/\/javiervanvelthoven.com\/en\/index.php\/biography\/","og_locale":"en_US","og_type":"article","og_title":"Biography - Javier Van Velthoven","og_description":"Biography of guitarist Javier Van Velthoven","og_url":"https:\/\/javiervanvelthoven.com\/en\/index.php\/biography\/","og_site_name":"Javier Van Velthoven","article_publisher":"https:\/\/www.facebook.com\/guitarconcerts","article_modified_time":"2021-12-23T12:41:04+00:00","og_image":[{"url":"http:\/\/javiervanvelthoven.com\/en\/wp-content\/uploads\/2021\/06\/Foto_biografia.jpg"}],"twitter_card":"summary_large_image","twitter_site":"@jvanvelthoven","twitter_misc":{"Est. reading time":"3 minutes"},"schema":{"@context":"https:\/\/schema.org","@graph":[{"@type":"WebPage","@id":"https:\/\/javiervanvelthoven.com\/en\/index.php\/biography\/","url":"https:\/\/javiervanvelthoven.com\/en\/index.php\/biography\/","name":"Biography - Javier Van Velthoven","isPartOf":{"@id":"https:\/\/javiervanvelthoven.com\/en\/#website"},"primaryImageOfPage":{"@id":"https:\/\/javiervanvelthoven.com\/en\/index.php\/biography\/#primaryimage"},"image":{"@id":"https:\/\/javiervanvelthoven.com\/en\/index.php\/biography\/#primaryimage"},"thumbnailUrl":"http:\/\/javiervanvelthoven.com\/en\/wp-content\/uploads\/2021\/06\/Foto_biografia.jpg","datePublished":"2020-10-05T09:10:14+00:00","dateModified":"2021-12-23T12:41:04+00:00","description":"Biography of guitarist Javier Van Velthoven","breadcrumb":{"@id":"https:\/\/javiervanvelthoven.com\/en\/index.php\/biography\/#breadcrumb"},"inLanguage":"en-US","potentialAction":[{"@type":"ReadAction","target":["https:\/\/javiervanvelthoven.com\/en\/index.php\/biography\/"]}]},{"@type":"ImageObject","inLanguage":"en-US","@id":"https:\/\/javiervanvelthoven.com\/en\/index.php\/biography\/#primaryimage","url":"https:\/\/javiervanvelthoven.com\/en\/wp-content\/uploads\/2021\/06\/Foto_biografia.jpg","contentUrl":"https:\/\/javiervanvelthoven.com\/en\/wp-content\/uploads\/2021\/06\/Foto_biografia.jpg","width":640,"height":482},{"@type":"BreadcrumbList","@id":"https:\/\/javiervanvelthoven.com\/en\/index.php\/biography\/#breadcrumb","itemListElement":[{"@type":"ListItem","position":1,"name":"Portada","item":"https:\/\/javiervanvelthoven.com\/en\/"},{"@type":"ListItem","position":2,"name":"Biography"}]},{"@type":"WebSite","@id":"https:\/\/javiervanvelthoven.com\/en\/#website","url":"https:\/\/javiervanvelthoven.com\/en\/","name":"Javier Van Velthoven","description":"Guitarrista - Guitarist - Guitariste","publisher":{"@id":"https:\/\/javiervanvelthoven.com\/en\/#organization"},"potentialAction":[{"@type":"SearchAction","target":{"@type":"EntryPoint","urlTemplate":"https:\/\/javiervanvelthoven.com\/en\/?s={search_term_string}"},"query-input":{"@type":"PropertyValueSpecification","valueRequired":true,"valueName":"search_term_string"}}],"inLanguage":"en-US"},{"@type":"Organization","@id":"https:\/\/javiervanvelthoven.com\/en\/#organization","name":"Classical Guitar Concerts","url":"https:\/\/javiervanvelthoven.com\/en\/","logo":{"@type":"ImageObject","inLanguage":"en-US","@id":"https:\/\/javiervanvelthoven.com\/en\/#\/schema\/logo\/image\/","url":"http:\/\/javiervanvelthoven.com\/en\/wp-content\/uploads\/2021\/11\/Logo-Classical-Guitar-Concerts.jpg","contentUrl":"http:\/\/javiervanvelthoven.com\/en\/wp-content\/uploads\/2021\/11\/Logo-Classical-Guitar-Concerts.jpg","width":500,"height":302,"caption":"Classical Guitar Concerts"},"image":{"@id":"https:\/\/javiervanvelthoven.com\/en\/#\/schema\/logo\/image\/"},"sameAs":["https:\/\/www.facebook.com\/guitarconcerts","https:\/\/x.com\/jvanvelthoven","https:\/\/www.instagram.com\/javier_van_velthoven\/?hl=es","https:\/\/www.linkedin.com\/in\/javier-van-velthoven-169bb581\/","https:\/\/www.youtube.com\/user\/Javiervanvel"]}]}},"_links":{"self":[{"href":"https:\/\/javiervanvelthoven.com\/en\/index.php\/wp-json\/wp\/v2\/pages\/29"}],"collection":[{"href":"https:\/\/javiervanvelthoven.com\/en\/index.php\/wp-json\/wp\/v2\/pages"}],"about":[{"href":"https:\/\/javiervanvelthoven.com\/en\/index.php\/wp-json\/wp\/v2\/types\/page"}],"author":[{"embeddable":true,"href":"https:\/\/javiervanvelthoven.com\/en\/index.php\/wp-json\/wp\/v2\/users\/1"}],"replies":[{"embeddable":true,"href":"https:\/\/javiervanvelthoven.com\/en\/index.php\/wp-json\/wp\/v2\/comments?post=29"}],"version-history":[{"count":2,"href":"https:\/\/javiervanvelthoven.com\/en\/index.php\/wp-json\/wp\/v2\/pages\/29\/revisions"}],"predecessor-version":[{"id":72,"href":"https:\/\/javiervanvelthoven.com\/en\/index.php\/wp-json\/wp\/v2\/pages\/29\/revisions\/72"}],"wp:attachment":[{"href":"https:\/\/javiervanvelthoven.com\/en\/index.php\/wp-json\/wp\/v2\/media?parent=29"}],"curies":[{"name":"wp","href":"https:\/\/api.w.org\/{rel}","templated":true}]}}