{"id":27,"date":"2020-10-05T11:09:38","date_gmt":"2020-10-05T09:09:38","guid":{"rendered":"http:\/\/javiervanvelthoven.com\/en\/?page_id=27"},"modified":"2021-12-23T13:39:21","modified_gmt":"2021-12-23T12:39:21","slug":"home","status":"publish","type":"page","link":"https:\/\/javiervanvelthoven.com\/en\/index.php\/home\/","title":{"rendered":"Home"},"content":{"rendered":"\n<p>Welcome<\/p>\n\n\n\n<div class=\"wp-block-columns is-layout-flex wp-container-core-columns-is-layout-1 wp-block-columns-is-layout-flex\">\n<div class=\"wp-block-column is-layout-flow wp-block-column-is-layout-flow\">\n<figure class=\"wp-block-image size-large\"><img loading=\"lazy\" decoding=\"async\" width=\"1024\" height=\"822\" src=\"https:\/\/javiervanvelthoven.com\/en\/wp-content\/uploads\/2021\/06\/Javier-Van-Velthoven-V-1024x822.jpg\" alt=\"\" class=\"wp-image-67\" srcset=\"https:\/\/javiervanvelthoven.com\/en\/wp-content\/uploads\/2021\/06\/Javier-Van-Velthoven-V-1024x822.jpg 1024w, https:\/\/javiervanvelthoven.com\/en\/wp-content\/uploads\/2021\/06\/Javier-Van-Velthoven-V-300x241.jpg 300w, https:\/\/javiervanvelthoven.com\/en\/wp-content\/uploads\/2021\/06\/Javier-Van-Velthoven-V-768x616.jpg 768w, https:\/\/javiervanvelthoven.com\/en\/wp-content\/uploads\/2021\/06\/Javier-Van-Velthoven-V.jpg 1199w\" sizes=\"(max-width: 767px) 89vw, (max-width: 1000px) 54vw, (max-width: 1071px) 543px, 580px\" \/><\/figure>\n<\/div>\n\n\n\n<div class=\"wp-block-column is-layout-flow wp-block-column-is-layout-flow\">\n<p><em>\u00ab\u2026 guitarrista que destaca por su unidad y fluidez discursivas\u2026\u201d&nbsp;<\/em><\/p>\n\n\n\n<p>&nbsp; Nelson Giguens. El D\u00eda, Montevideo-Uruguay.&nbsp;<\/p>\n\n\n\n<p><em>\u00ab\u2026 guitariste classique de grande qualit\u00e9, interpr\u00e9tant avec sensibilit\u00e9, subtilit\u00e9 et rare sens des nuances\u2026\u201d<\/em><\/p>\n\n\n\n<p>&nbsp;Jeanine Porte. Nice-Matin, Le Cannet-Rochevil.<\/p>\n\n\n\n<p>\u201c\u2026 <em>La musique de Javier Van Velthoven es empreinte de douceur et de nostalgia. Ses notes respirent aussi la joie de vivre, les doigts courent sur les cordes sans&nbsp; oser s\u2019 arreter, sans le vouloir d\u2019ailleurs\u2026Un final magestueux, \u00e1 l\u2019 imagede sa prestation d\u2019ensemble. Pour un r\u00e9cital qui apaise les \u00e1mes\u2026<\/em>\u00ab<\/p>\n\n\n\n<p>G.C.G. Altkirch\/Eglise St. Morand.<\/p>\n<\/div>\n<\/div>\n","protected":false},"excerpt":{"rendered":"<p>Welcome \u00ab\u2026 guitarrista que destaca por su unidad y fluidez discursivas\u2026\u201d&nbsp; &nbsp; Nelson Giguens. El D\u00eda, Montevideo-Uruguay.&nbsp; \u00ab\u2026 guitariste classique de grande qualit\u00e9, interpr\u00e9tant avec sensibilit\u00e9, subtilit\u00e9 et rare sens des nuances\u2026\u201d &nbsp;Jeanine Porte. Nice-Matin, Le Cannet-Rochevil. \u201c\u2026 La musique de Javier Van Velthoven es empreinte de douceur et de nostalgia. Ses notes respirent aussi &hellip; <\/p>\n<p class=\"link-more\"><a href=\"https:\/\/javiervanvelthoven.com\/en\/index.php\/home\/\" class=\"more-link\">Continue reading<span class=\"screen-reader-text\"> &#8220;Home&#8221;<\/span><\/a><\/p>\n","protected":false},"author":1,"featured_media":0,"parent":0,"menu_order":1,"comment_status":"closed","ping_status":"closed","template":"","meta":{"footnotes":""},"class_list":["post-27","page","type-page","status-publish","hentry"],"yoast_head":"<!-- This site is optimized with the Yoast SEO plugin v23.8 - https:\/\/yoast.com\/wordpress\/plugins\/seo\/ -->\n<title>Home - Javier Van Velthoven<\/title>\n<meta name=\"description\" content=\"Welcome to the official website of guitarist Javier Van Velthoven. Classical guitar concerts. Classical and popular music\" \/>\n<meta name=\"robots\" content=\"index, follow, max-snippet:-1, max-image-preview:large, max-video-preview:-1\" \/>\n<link rel=\"canonical\" href=\"https:\/\/javiervanvelthoven.com\/en\/index.php\/home\/\" \/>\n<meta property=\"og:locale\" content=\"en_US\" \/>\n<meta property=\"og:type\" content=\"article\" \/>\n<meta property=\"og:title\" content=\"Home - Javier Van Velthoven\" \/>\n<meta property=\"og:description\" content=\"Welcome to the official website of guitarist Javier Van Velthoven. Classical guitar concerts. Classical and popular music\" \/>\n<meta property=\"og:url\" content=\"https:\/\/javiervanvelthoven.com\/en\/index.php\/home\/\" \/>\n<meta property=\"og:site_name\" content=\"Javier Van Velthoven\" \/>\n<meta property=\"article:publisher\" content=\"https:\/\/www.facebook.com\/guitarconcerts\" \/>\n<meta property=\"article:modified_time\" content=\"2021-12-23T12:39:21+00:00\" \/>\n<meta property=\"og:image\" content=\"http:\/\/javiervanvelthoven.com\/en\/wp-content\/uploads\/2021\/06\/Javier-Van-Velthoven-V-1024x822.jpg\" \/>\n<meta name=\"twitter:card\" content=\"summary_large_image\" \/>\n<meta name=\"twitter:site\" content=\"@jvanvelthoven\" \/>\n<meta name=\"twitter:label1\" content=\"Est. reading time\" \/>\n\t<meta name=\"twitter:data1\" content=\"1 minute\" \/>\n<script type=\"application\/ld+json\" class=\"yoast-schema-graph\">{\"@context\":\"https:\/\/schema.org\",\"@graph\":[{\"@type\":\"WebPage\",\"@id\":\"https:\/\/javiervanvelthoven.com\/en\/index.php\/home\/\",\"url\":\"https:\/\/javiervanvelthoven.com\/en\/index.php\/home\/\",\"name\":\"Home - Javier Van Velthoven\",\"isPartOf\":{\"@id\":\"https:\/\/javiervanvelthoven.com\/en\/#website\"},\"primaryImageOfPage\":{\"@id\":\"https:\/\/javiervanvelthoven.com\/en\/index.php\/home\/#primaryimage\"},\"image\":{\"@id\":\"https:\/\/javiervanvelthoven.com\/en\/index.php\/home\/#primaryimage\"},\"thumbnailUrl\":\"http:\/\/javiervanvelthoven.com\/en\/wp-content\/uploads\/2021\/06\/Javier-Van-Velthoven-V-1024x822.jpg\",\"datePublished\":\"2020-10-05T09:09:38+00:00\",\"dateModified\":\"2021-12-23T12:39:21+00:00\",\"description\":\"Welcome to the official website of guitarist Javier Van Velthoven. Classical guitar concerts. Classical and popular music\",\"breadcrumb\":{\"@id\":\"https:\/\/javiervanvelthoven.com\/en\/index.php\/home\/#breadcrumb\"},\"inLanguage\":\"en-US\",\"potentialAction\":[{\"@type\":\"ReadAction\",\"target\":[\"https:\/\/javiervanvelthoven.com\/en\/index.php\/home\/\"]}]},{\"@type\":\"ImageObject\",\"inLanguage\":\"en-US\",\"@id\":\"https:\/\/javiervanvelthoven.com\/en\/index.php\/home\/#primaryimage\",\"url\":\"https:\/\/javiervanvelthoven.com\/en\/wp-content\/uploads\/2021\/06\/Javier-Van-Velthoven-V.jpg\",\"contentUrl\":\"https:\/\/javiervanvelthoven.com\/en\/wp-content\/uploads\/2021\/06\/Javier-Van-Velthoven-V.jpg\",\"width\":1199,\"height\":962,\"caption\":\"SAMSUNG DIGITAL CAMERA\"},{\"@type\":\"BreadcrumbList\",\"@id\":\"https:\/\/javiervanvelthoven.com\/en\/index.php\/home\/#breadcrumb\",\"itemListElement\":[{\"@type\":\"ListItem\",\"position\":1,\"name\":\"Portada\",\"item\":\"https:\/\/javiervanvelthoven.com\/en\/\"},{\"@type\":\"ListItem\",\"position\":2,\"name\":\"Home\"}]},{\"@type\":\"WebSite\",\"@id\":\"https:\/\/javiervanvelthoven.com\/en\/#website\",\"url\":\"https:\/\/javiervanvelthoven.com\/en\/\",\"name\":\"Javier Van Velthoven\",\"description\":\"Guitarrista - Guitarist - Guitariste\",\"publisher\":{\"@id\":\"https:\/\/javiervanvelthoven.com\/en\/#organization\"},\"potentialAction\":[{\"@type\":\"SearchAction\",\"target\":{\"@type\":\"EntryPoint\",\"urlTemplate\":\"https:\/\/javiervanvelthoven.com\/en\/?s={search_term_string}\"},\"query-input\":{\"@type\":\"PropertyValueSpecification\",\"valueRequired\":true,\"valueName\":\"search_term_string\"}}],\"inLanguage\":\"en-US\"},{\"@type\":\"Organization\",\"@id\":\"https:\/\/javiervanvelthoven.com\/en\/#organization\",\"name\":\"Classical Guitar Concerts\",\"url\":\"https:\/\/javiervanvelthoven.com\/en\/\",\"logo\":{\"@type\":\"ImageObject\",\"inLanguage\":\"en-US\",\"@id\":\"https:\/\/javiervanvelthoven.com\/en\/#\/schema\/logo\/image\/\",\"url\":\"http:\/\/javiervanvelthoven.com\/en\/wp-content\/uploads\/2021\/11\/Logo-Classical-Guitar-Concerts.jpg\",\"contentUrl\":\"http:\/\/javiervanvelthoven.com\/en\/wp-content\/uploads\/2021\/11\/Logo-Classical-Guitar-Concerts.jpg\",\"width\":500,\"height\":302,\"caption\":\"Classical Guitar Concerts\"},\"image\":{\"@id\":\"https:\/\/javiervanvelthoven.com\/en\/#\/schema\/logo\/image\/\"},\"sameAs\":[\"https:\/\/www.facebook.com\/guitarconcerts\",\"https:\/\/x.com\/jvanvelthoven\",\"https:\/\/www.instagram.com\/javier_van_velthoven\/?hl=es\",\"https:\/\/www.linkedin.com\/in\/javier-van-velthoven-169bb581\/\",\"https:\/\/www.youtube.com\/user\/Javiervanvel\"]}]}<\/script>\n<!-- \/ Yoast SEO plugin. -->","yoast_head_json":{"title":"Home - Javier Van Velthoven","description":"Welcome to the official website of guitarist Javier Van Velthoven. Classical guitar concerts. Classical and popular music","robots":{"index":"index","follow":"follow","max-snippet":"max-snippet:-1","max-image-preview":"max-image-preview:large","max-video-preview":"max-video-preview:-1"},"canonical":"https:\/\/javiervanvelthoven.com\/en\/index.php\/home\/","og_locale":"en_US","og_type":"article","og_title":"Home - Javier Van Velthoven","og_description":"Welcome to the official website of guitarist Javier Van Velthoven. Classical guitar concerts. Classical and popular music","og_url":"https:\/\/javiervanvelthoven.com\/en\/index.php\/home\/","og_site_name":"Javier Van Velthoven","article_publisher":"https:\/\/www.facebook.com\/guitarconcerts","article_modified_time":"2021-12-23T12:39:21+00:00","og_image":[{"url":"http:\/\/javiervanvelthoven.com\/en\/wp-content\/uploads\/2021\/06\/Javier-Van-Velthoven-V-1024x822.jpg"}],"twitter_card":"summary_large_image","twitter_site":"@jvanvelthoven","twitter_misc":{"Est. reading time":"1 minute"},"schema":{"@context":"https:\/\/schema.org","@graph":[{"@type":"WebPage","@id":"https:\/\/javiervanvelthoven.com\/en\/index.php\/home\/","url":"https:\/\/javiervanvelthoven.com\/en\/index.php\/home\/","name":"Home - Javier Van Velthoven","isPartOf":{"@id":"https:\/\/javiervanvelthoven.com\/en\/#website"},"primaryImageOfPage":{"@id":"https:\/\/javiervanvelthoven.com\/en\/index.php\/home\/#primaryimage"},"image":{"@id":"https:\/\/javiervanvelthoven.com\/en\/index.php\/home\/#primaryimage"},"thumbnailUrl":"http:\/\/javiervanvelthoven.com\/en\/wp-content\/uploads\/2021\/06\/Javier-Van-Velthoven-V-1024x822.jpg","datePublished":"2020-10-05T09:09:38+00:00","dateModified":"2021-12-23T12:39:21+00:00","description":"Welcome to the official website of guitarist Javier Van Velthoven. Classical guitar concerts. Classical and popular music","breadcrumb":{"@id":"https:\/\/javiervanvelthoven.com\/en\/index.php\/home\/#breadcrumb"},"inLanguage":"en-US","potentialAction":[{"@type":"ReadAction","target":["https:\/\/javiervanvelthoven.com\/en\/index.php\/home\/"]}]},{"@type":"ImageObject","inLanguage":"en-US","@id":"https:\/\/javiervanvelthoven.com\/en\/index.php\/home\/#primaryimage","url":"https:\/\/javiervanvelthoven.com\/en\/wp-content\/uploads\/2021\/06\/Javier-Van-Velthoven-V.jpg","contentUrl":"https:\/\/javiervanvelthoven.com\/en\/wp-content\/uploads\/2021\/06\/Javier-Van-Velthoven-V.jpg","width":1199,"height":962,"caption":"SAMSUNG DIGITAL CAMERA"},{"@type":"BreadcrumbList","@id":"https:\/\/javiervanvelthoven.com\/en\/index.php\/home\/#breadcrumb","itemListElement":[{"@type":"ListItem","position":1,"name":"Portada","item":"https:\/\/javiervanvelthoven.com\/en\/"},{"@type":"ListItem","position":2,"name":"Home"}]},{"@type":"WebSite","@id":"https:\/\/javiervanvelthoven.com\/en\/#website","url":"https:\/\/javiervanvelthoven.com\/en\/","name":"Javier Van Velthoven","description":"Guitarrista - Guitarist - Guitariste","publisher":{"@id":"https:\/\/javiervanvelthoven.com\/en\/#organization"},"potentialAction":[{"@type":"SearchAction","target":{"@type":"EntryPoint","urlTemplate":"https:\/\/javiervanvelthoven.com\/en\/?s={search_term_string}"},"query-input":{"@type":"PropertyValueSpecification","valueRequired":true,"valueName":"search_term_string"}}],"inLanguage":"en-US"},{"@type":"Organization","@id":"https:\/\/javiervanvelthoven.com\/en\/#organization","name":"Classical Guitar Concerts","url":"https:\/\/javiervanvelthoven.com\/en\/","logo":{"@type":"ImageObject","inLanguage":"en-US","@id":"https:\/\/javiervanvelthoven.com\/en\/#\/schema\/logo\/image\/","url":"http:\/\/javiervanvelthoven.com\/en\/wp-content\/uploads\/2021\/11\/Logo-Classical-Guitar-Concerts.jpg","contentUrl":"http:\/\/javiervanvelthoven.com\/en\/wp-content\/uploads\/2021\/11\/Logo-Classical-Guitar-Concerts.jpg","width":500,"height":302,"caption":"Classical Guitar Concerts"},"image":{"@id":"https:\/\/javiervanvelthoven.com\/en\/#\/schema\/logo\/image\/"},"sameAs":["https:\/\/www.facebook.com\/guitarconcerts","https:\/\/x.com\/jvanvelthoven","https:\/\/www.instagram.com\/javier_van_velthoven\/?hl=es","https:\/\/www.linkedin.com\/in\/javier-van-velthoven-169bb581\/","https:\/\/www.youtube.com\/user\/Javiervanvel"]}]}},"_links":{"self":[{"href":"https:\/\/javiervanvelthoven.com\/en\/index.php\/wp-json\/wp\/v2\/pages\/27"}],"collection":[{"href":"https:\/\/javiervanvelthoven.com\/en\/index.php\/wp-json\/wp\/v2\/pages"}],"about":[{"href":"https:\/\/javiervanvelthoven.com\/en\/index.php\/wp-json\/wp\/v2\/types\/page"}],"author":[{"embeddable":true,"href":"https:\/\/javiervanvelthoven.com\/en\/index.php\/wp-json\/wp\/v2\/users\/1"}],"replies":[{"embeddable":true,"href":"https:\/\/javiervanvelthoven.com\/en\/index.php\/wp-json\/wp\/v2\/comments?post=27"}],"version-history":[{"count":4,"href":"https:\/\/javiervanvelthoven.com\/en\/index.php\/wp-json\/wp\/v2\/pages\/27\/revisions"}],"predecessor-version":[{"id":70,"href":"https:\/\/javiervanvelthoven.com\/en\/index.php\/wp-json\/wp\/v2\/pages\/27\/revisions\/70"}],"wp:attachment":[{"href":"https:\/\/javiervanvelthoven.com\/en\/index.php\/wp-json\/wp\/v2\/media?parent=27"}],"curies":[{"name":"wp","href":"https:\/\/api.w.org\/{rel}","templated":true}]}}